{"id":3595,"date":"2023-06-05T19:49:04","date_gmt":"2023-06-05T18:49:04","guid":{"rendered":"https:\/\/caseib.es\/2024\/?page_id=3595"},"modified":"2024-10-11T10:15:50","modified_gmt":"2024-10-11T09:15:50","slug":"envio-de-trabajos","status":"publish","type":"page","link":"https:\/\/caseib.es\/2024\/envio-de-trabajos\/","title":{"rendered":"ENV\u00cdO DE TRABAJOS"},"content":{"rendered":"<p>El periodo de env\u00edo de contribuciones finaliz\u00f3 el 8 de septiembre de 2024.<\/p>\n<p><strong>Enlace a la plataforma Conftool: <a href=\"https:\/\/www.conftool.net\/caseib2024\" target=\"_blank\" rel=\"noopener\">https:\/\/www.conftool.net\/caseib2024<\/a><\/strong><\/p>\n<p>Las normas de env\u00edo de trabajos son las siguientes:<\/p>\n<p>Existen dos modalidades de env\u00edo de trabajo: art\u00edculo (4 caras) o resumen extendido (1 cara). Las diferencias entre los dos tipos de contribuci\u00f3n son:<\/p>\n<ul>\n<li><strong>Art\u00edculo:<\/strong> presentaci\u00f3n oral o p\u00f3ster, se incluye en el libro de actas. La extensi\u00f3n m\u00e1xima es de 4 caras siguiendo las normas de estilo definidas en la plantilla:\n<ul>\n<li>Word (modo de compatibilidad): <a href=\"https:\/\/caseib.es\/2024\/wp-content\/uploads\/2024\/05\/Plantilla-CASEIB-2024.doc\">Plantilla-CASEIB-2024<\/a><\/li>\n<li>Word (docx): <a href=\"https:\/\/caseib.es\/2024\/wp-content\/uploads\/2024\/05\/Plantilla-CASEIB-2024.docx\">Plantilla-CASEIB-2024<\/a><\/li>\n<li>LaTeX: <a href=\"https:\/\/caseib.es\/2024\/wp-content\/uploads\/2024\/05\/Plantilla-CASEIB-2024.zip\">Plantilla-CASEIB-2024<\/a><\/li>\n<\/ul>\n<\/li>\n<li><strong>Resumen extendido:<\/strong> presentaci\u00f3n preferentemente en formato p\u00f3ster, se incluir\u00e1 en el programa del congreso, pero no se incluir\u00e1 en el libro de actas. La extensi\u00f3n m\u00e1xima es de 1 cara siguiendo las normas de estilo definidas en la plantilla:\n<ul>\n<li>Word (modo de compatibilidad): <a href=\"https:\/\/caseib.es\/2024\/wp-content\/uploads\/2024\/05\/Plantilla-CASEIB-RESUMEN-2024_1p.doc\">Plantilla-CASEIB-RESUMEN-2024_1p<\/a><\/li>\n<li>Word (docx): <a href=\"https:\/\/caseib.es\/2024\/wp-content\/uploads\/2024\/05\/Plantilla-CASEIB-RESUMEN-2024_1p.docx\">Plantilla-CASEIB-RESUMEN-2024_1p<\/a><\/li>\n<li>LaTeX: <a href=\"https:\/\/caseib.es\/2024\/wp-content\/uploads\/2024\/05\/Plantilla-CASEIB-RESUMEN-2024_1p.zip\">Plantilla-CASEIB-RESUMEN-2024_1p<\/a><\/li>\n<\/ul>\n<\/li>\n<\/ul>\n<p>Las comunicaciones se pueden enviar en castellano o ingl\u00e9s.<\/p>\n<p>La longitud m\u00e1xima de la secci\u00f3n del resumen en el art\u00edculo debe ser de 250 palabras.<\/p>\n<p><strong>En el primer env\u00edo el texto de la comunicaci\u00f3n no debe contener ning\u00fan tipo de informaci\u00f3n que identifique a los autores<\/strong>, los datos de los autores ser\u00e1n introducidos en la plataforma. Es necesario subir el documento PDF con la versi\u00f3n inicial de la comunicaci\u00f3n o el resumen extendido; no basta con completar el resumen en el formulario de la aplicaci\u00f3n.<\/p>\n<p>Tras la revisi\u00f3n de trabajos y comunicaci\u00f3n de aceptaci\u00f3n, los autores y sus afiliaciones se introducir\u00e1n en la versi\u00f3n definitiva del texto de la comunicaci\u00f3n, junto con las posibles modificaciones sugeridas por el Comit\u00e9 Cient\u00edfico. Para tal fin, se especificar\u00e1 una fecha l\u00edmite para el env\u00edo de la versi\u00f3n definitiva. Se deber\u00e1 subir a la aplicaci\u00f3n <strong>un fichero con el art\u00edculo\/resumen final (PDF)<\/strong> y el <a href=\"https:\/\/caseib.es\/2024\/wp-content\/uploads\/2024\/05\/DECLARACION_CESION_DERECHOS_CASEIB2024.doc\">documento de cesi\u00f3n de derechos<\/a>\u00a0rellenado y firmado.<\/p>\n<p>Para cualquier consulta o incidencia con la plataforma de env\u00edo de trabajos contactar con <a href=\"mailto:secretaria@caseib.es\">secretaria@caseib.es<\/a><\/p>\n<p><strong>Env\u00edo de comunicaciones y res\u00famenes extendidos: <span style=\"color: #ff0000;\">cerrado<\/span><\/strong><\/p>\n","protected":false},"excerpt":{"rendered":"<p>El periodo de env\u00edo de contribuciones finaliz\u00f3 el 8 de septiembre de 2024. Enlace a la plataforma Conftool: https:\/\/www.conftool.net\/caseib2024 Las normas de env\u00edo de trabajos son las siguientes: Existen dos modalidades de env\u00edo de trabajo: art\u00edculo (4 caras) o resumen extendido (1 cara). Las diferencias entre los dos tipos de\u2026<\/p>\n<p> <a class=\"continue-reading-link\" href=\"https:\/\/caseib.es\/2024\/envio-de-trabajos\/\"><span>VER MAS<\/span><i class=\"crycon-right-dir\"><\/i><\/a> <\/p>\n","protected":false},"author":7,"featured_media":0,"parent":0,"menu_order":0,"comment_status":"closed","ping_status":"closed","template":"","meta":{"footnotes":""},"class_list":["post-3595","page","type-page","status-publish","hentry"],"_links":{"self":[{"href":"https:\/\/caseib.es\/2024\/wp-json\/wp\/v2\/pages\/3595","targetHints":{"allow":["GET"]}}],"collection":[{"href":"https:\/\/caseib.es\/2024\/wp-json\/wp\/v2\/pages"}],"about":[{"href":"https:\/\/caseib.es\/2024\/wp-json\/wp\/v2\/types\/page"}],"author":[{"embeddable":true,"href":"https:\/\/caseib.es\/2024\/wp-json\/wp\/v2\/users\/7"}],"replies":[{"embeddable":true,"href":"https:\/\/caseib.es\/2024\/wp-json\/wp\/v2\/comments?post=3595"}],"version-history":[{"count":32,"href":"https:\/\/caseib.es\/2024\/wp-json\/wp\/v2\/pages\/3595\/revisions"}],"predecessor-version":[{"id":4290,"href":"https:\/\/caseib.es\/2024\/wp-json\/wp\/v2\/pages\/3595\/revisions\/4290"}],"wp:attachment":[{"href":"https:\/\/caseib.es\/2024\/wp-json\/wp\/v2\/media?parent=3595"}],"curies":[{"name":"wp","href":"https:\/\/api.w.org\/{rel}","templated":true}]}}