{"id":3627,"date":"2023-06-08T09:22:50","date_gmt":"2023-06-08T08:22:50","guid":{"rendered":"https:\/\/caseib.es\/2024\/?page_id=3627"},"modified":"2024-10-24T19:08:54","modified_gmt":"2024-10-24T18:08:54","slug":"presentacion-de-trabajos","status":"publish","type":"page","link":"https:\/\/caseib.es\/2024\/presentacion-de-trabajos\/","title":{"rendered":"INFORMACI\u00d3N PARA PONENTES"},"content":{"rendered":"<p><strong>PRESENTACI\u00d3N ORAL<\/strong><\/p>\n<p>El tiempo asignado para la realizaci\u00f3n de las presentaciones orales ser\u00e1:<\/p>\n<ul>\n<li><strong>Sesiones paralelas ordinarias:<\/strong>\u00a010 minutos de presentaci\u00f3n, seguido por 5 minutos para discusi\u00f3n y preguntas.<\/li>\n<li><strong>Sesi\u00f3n Premio Jos\u00e9 Mar\u00eda Ferrero Corral:<\/strong>\u00a010 minutos de presentaci\u00f3n, seguido por 5 minutos para discusi\u00f3n y preguntas.<\/li>\n<li><strong>Sesi\u00f3n Premios FENIN-SEIB:<\/strong>\u00a07 minutos de presentaci\u00f3n, seguido por 3 minutos para preguntas.<\/li>\n<\/ul>\n<p>Los ponentes deben ce\u00f1irse estrictamente al tiempo asignado, con el apoyo de los moderadores de cada sesi\u00f3n, para asegurar que cada participante pueda exponer su trabajo adecuadamente.<\/p>\n<ul>\n<li>Los ponentes deben cargar sus presentaciones en los ordenadores de las salas\u00a0<u>15 minutos<\/u>\u00a0antes del comienzo de su sesi\u00f3n.<\/li>\n<li>Todos los ordenadores de las salas cuentan con sistema operativo Windows, <u>Microsoft PowerPoint<\/u>\u00a0y\u00a0<u>Adobe Acrobat PDF<\/u>.<\/li>\n<\/ul>\n<hr \/>\n<p><strong>P\u00d3STER<\/strong><\/p>\n<p><span data-olk-copy-source=\"MessageBody\">En esta edici\u00f3n de CASEIB los p\u00f3steres estar\u00e1n expuestos durante todo el transcurso del congreso, ya que cada espacio de los paneles de exposici\u00f3n estar\u00e1 asignado a un \u00fanico p\u00f3ster a fin de facilitar la interacci\u00f3n de los autores con el resto de participantes. La mayor afluencia de p\u00fablico a las sesiones de p\u00f3ster se espera que se produzca en las pausas de caf\u00e9. Por esa raz\u00f3n, el Comit\u00e9 Organizador ha asignado a cada trabajo una sesi\u00f3n de p\u00f3ster para que pueda pueda estar presente, habi\u00e9ndose procurado que los p\u00f3steres de esa misma sesi\u00f3n compartan afinidades tem\u00e1ticas. <\/span>Los autores que presenten el p\u00f3ster deben estar presentes delante de su p\u00f3ster durante todo el tiempo que dure la sesi\u00f3n de p\u00f3steres asignada para discutir su trabajo con los asistentes.<\/p>\n<p>Estas sesiones se han ubicado en las franjas horarias reservadas para la pausa caf\u00e9, de forma que no se solapen con las sesiones para de presentaci\u00f3n oral .<\/p>\n<p>Los p\u00f3steres deben ajustarse a las siguientes directrices:<\/p>\n<ul>\n<li>Orientaci\u00f3n vertical<\/li>\n<li>Tama\u00f1o m\u00e1ximo: <strong>A0<\/strong>, 84,1 cm (ancho) x 118,9 cm (alto)<\/li>\n<\/ul>\n<p>Cada panel tendr\u00e1 indicado el ID del trabajo. La secretar\u00eda del congreso dispondr\u00e1 del material necesario para colgar los p\u00f3steres.<\/p>\n<p>Los p\u00f3sters no retirados al final del congreso ser\u00e1n destruidos.<\/p>\n<p>Si necesitan servicios de impresi\u00f3n, pueden contactar con el siguientes proveedor local:<\/p>\n<p><strong>IrisCopy<\/strong><br \/>\nDirecci\u00f3n: Escuela T\u00e9cnica Superior de Ingenier\u00eda<br \/>\nTel\u00e9fono: 954 48 61 46<br \/>\n<a href=\"https:\/\/iriscopyshop.com\/copisteria-etsi\/\">https:\/\/iriscopyshop.com\/copisteria-etsi\/<\/a><\/p>\n<p>&nbsp;<\/p>\n","protected":false},"excerpt":{"rendered":"<p>PRESENTACI\u00d3N ORAL El tiempo asignado para la realizaci\u00f3n de las presentaciones orales ser\u00e1: Sesiones paralelas ordinarias:\u00a010 minutos de presentaci\u00f3n, seguido por 5 minutos para discusi\u00f3n y preguntas. Sesi\u00f3n Premio Jos\u00e9 Mar\u00eda Ferrero Corral:\u00a010 minutos de presentaci\u00f3n, seguido por 5 minutos para discusi\u00f3n y preguntas. Sesi\u00f3n Premios FENIN-SEIB:\u00a07 minutos de presentaci\u00f3n,\u2026<\/p>\n<p> <a class=\"continue-reading-link\" href=\"https:\/\/caseib.es\/2024\/presentacion-de-trabajos\/\"><span>VER MAS<\/span><i class=\"crycon-right-dir\"><\/i><\/a> <\/p>\n","protected":false},"author":7,"featured_media":0,"parent":0,"menu_order":0,"comment_status":"closed","ping_status":"closed","template":"","meta":{"footnotes":""},"class_list":["post-3627","page","type-page","status-publish","hentry"],"_links":{"self":[{"href":"https:\/\/caseib.es\/2024\/wp-json\/wp\/v2\/pages\/3627","targetHints":{"allow":["GET"]}}],"collection":[{"href":"https:\/\/caseib.es\/2024\/wp-json\/wp\/v2\/pages"}],"about":[{"href":"https:\/\/caseib.es\/2024\/wp-json\/wp\/v2\/types\/page"}],"author":[{"embeddable":true,"href":"https:\/\/caseib.es\/2024\/wp-json\/wp\/v2\/users\/7"}],"replies":[{"embeddable":true,"href":"https:\/\/caseib.es\/2024\/wp-json\/wp\/v2\/comments?post=3627"}],"version-history":[{"count":7,"href":"https:\/\/caseib.es\/2024\/wp-json\/wp\/v2\/pages\/3627\/revisions"}],"predecessor-version":[{"id":4351,"href":"https:\/\/caseib.es\/2024\/wp-json\/wp\/v2\/pages\/3627\/revisions\/4351"}],"wp:attachment":[{"href":"https:\/\/caseib.es\/2024\/wp-json\/wp\/v2\/media?parent=3627"}],"curies":[{"name":"wp","href":"https:\/\/api.w.org\/{rel}","templated":true}]}}