{"id":3651,"date":"2023-06-10T10:09:56","date_gmt":"2023-06-10T09:09:56","guid":{"rendered":"https:\/\/caseib.es\/2024\/?page_id=3651"},"modified":"2024-11-12T17:45:14","modified_gmt":"2024-11-12T16:45:14","slug":"como-llegar","status":"publish","type":"page","link":"https:\/\/caseib.es\/2024\/como-llegar\/","title":{"rendered":"COMO LLEGAR"},"content":{"rendered":"<p><strong>C\u00f3mo llegar a la ETSI (Escuela T\u00e9cnica Superior de Ingenier\u00eda)<\/strong><\/p>\n<p>La ETSI (<a href=\"https:\/\/etsi.us.es\/\" target=\"_blank\" rel=\"noopener\">https:\/\/etsi.us.es\/<\/a>) se encuentra en la Avda. de los Descubrimientos s\/n., dentro de la Isla de la Cartuja.<\/p>\n<p style=\"text-align: center;\"><iframe loading=\"lazy\" style=\"border: 1px solid black;\" src=\"https:\/\/www.openstreetmap.org\/export\/embed.html?bbox=-6.008330583572389%2C37.40832930009327%2C-5.9928810596466064%2C37.413936695729525&amp;layer=mapnik&amp;marker=37.41113305037944%2C-6.000605821609497\" width=\"425\" height=\"350\"><\/iframe><br \/>\n<small><a href=\"https:\/\/www.openstreetmap.org\/?mlat=37.411133&amp;mlon=-6.000606#map=17\/37.411133\/-6.000606\">Ver el mapa m\u00e1s grande<\/a><\/small><\/p>\n<p style=\"text-align: left;\">Es posible llegar caminando desde el centro de la ciudad en aproximadamente media hora, cruzando el r\u00edo por el Puente de la Barqueta o el Puente del Alamillo. Adem\u00e1s, las l\u00edneas de autob\u00fas <strong>C1<\/strong>, <strong>C2<\/strong> y <strong>2<\/strong> tienen una parada, que se denomina \u00ab<em>Juan Bautista Mu\u00f1oz (Escuela de Ingenier\u00eda)<\/em>\u201d, en las inmediaciones de la Escuela. El billete univiaje cuesta 1.40 \u20ac y se puede pagar con tarjeta de cr\u00e9dito en el mismo autob\u00fas. Asimismo, existen tarjetas multiviaje y tur\u00edsticas que ofrecen opciones m\u00e1s econ\u00f3micas (<a href=\"https:\/\/www.tussam.es\/es\/titulos-de-viajes\" target=\"_blank\" rel=\"noopener\">https:\/\/www.tussam.es\/es\/titulos-de-viajes<\/a>).<\/p>\n<p>Finalmente, Sevilla cuenta con una extensa red de carriles bici (189 km). El servicio de alquiler de bicicletas Sevici ofrece abonos diarios y semanales. Consulte la informaci\u00f3n sobre precios y estaciones en\u00a0<a href=\"https:\/\/www.google.com\/url?sa=E&amp;q=https:\/\/www.sevici.es\/es\/tutorial\" target=\"_blank\" rel=\"noopener\">https:\/\/www.sevici.es\/es\/tutorial<\/a>. El mapa de estaciones Sevici se encuentra en\u00a0<a href=\"https:\/\/www.google.com\/url?sa=E&amp;q=https:\/\/www.sevici.es\/es\/mapping\" target=\"_blank\" rel=\"noopener\">https:\/\/www.sevici.es\/es\/mapping<\/a>.<\/p>\n<p>Una vez en la ETSI, se recomienda acceder al edificio por la rampa Noreste (<a href=\"https:\/\/www.google.es\/maps\/@37.411747,-6.0002211,3a,75y,205.43h,85.68t\/data=!3m7!1e1!3m5!1sj2YGzvyVBmEelnIkJxgjtQ!2e0!6s\" target=\"_blank\" rel=\"noopener\">Enlace Google Maps<\/a>,\u00a0<a href=\"https:\/\/www.google.es\/maps\/@37.411747,-6.0002211,3a,75y,180h,87t\/data=!3m7!1e1!3m5!1sj2YGzvyVBmEelnIkJxgjtQ!2e0!6shttps:%2F%2Fstreetviewpixels-pa.googleapis.com%2Fv1%2Fthumbnail%3Fcb_client%3Dmaps_sv.tactile%26w%3D900%26h%3D600%26pitch%3D3.002824333031711%26panoid%3Dj2YGzvyVBmEelnIkJxgjtQ%26yaw%3D180!7i16384!8i8192?entry=ttu&amp;g_ep=EgoyMDI0MTEwNi4wIKXMDSoASAFQAw%3D%3D\" target=\"_blank\" rel=\"noopener\">Vista Street View<\/a>)<\/p>\n<p>Se indica a continuaci\u00f3n c\u00f3mo llegar a la ETSI desde el aeropuerto y la estaci\u00f3n de tren:<\/p>\n<p><strong>Desde el Aeropuerto:<\/strong><\/p>\n<ul>\n<li><strong>Taxi: <\/strong>Existe una \u201cTarifa \u00danica Aeropuerto\u201d para el trayecto del aeropuerto a la ciudad o viceversa. No hay recargos por equipaje. El trayecto puede durar entre 15 y 20 minutos aproximadamente.<\/li>\n<\/ul>\n<table width=\"518\">\n<tbody>\n<tr>\n<td width=\"50\">Tarifa<\/td>\n<td width=\"62\">Precio<\/td>\n<td width=\"406\">Tarifa \u00danica Aeropuerto<\/td>\n<\/tr>\n<tr>\n<td width=\"50\">4<\/td>\n<td width=\"62\">24,98\u20ac<\/td>\n<td width=\"406\">De lunes a viernes de 07:00 hasta 21:00<\/td>\n<\/tr>\n<tr>\n<td width=\"50\">5<\/td>\n<td width=\"62\">27,84\u20ac<\/td>\n<td width=\"406\">De lunes a viernes de 0:00 a 7:00 y de 21:00 a 24:00; s\u00e1bados, domingos y festivos de 0:00 a 24:00<\/td>\n<\/tr>\n<\/tbody>\n<\/table>\n<ul>\n<li><strong>Autob\u00fas: <\/strong>La l\u00ednea <strong>EA<\/strong> (Especial Aeropuerto) conecta el aeropuerto con el centro de la ciudad. Para llegar a la ETSI, lo adecuado es bajar en la parada \u201cAux. Kansas City (Estaci\u00f3n Santa Justa) (Railway station)\u201d. El servicio funciona desde las 5:20 hasta la 1:00 (direcci\u00f3n Sevilla) y desde las 4:30 hasta las 0:05 (direcci\u00f3n aeropuerto). Consulte el mapa de la ruta en el ejemplo. Puede descargar la <a href=\"https:\/\/www.tussam.es\/es\/descarga-app\" target=\"_blank\" rel=\"noopener\">AppTUSSAM<\/a> en su app store para disponer de la estimaci\u00f3n de los trayectos en su m\u00f3vil. El billete cuesta 5\u20ac y se vende en el mismo autob\u00fas.<\/li>\n<\/ul>\n<p><strong>Desde la Estaci\u00f3n de Tren Santa Justa:<\/strong><\/p>\n<ul>\n<li><strong>Taxi: <\/strong>Un taxi desde Santa Justa hasta la ETSI puede costar aproximadamente 10 euros y tardar entre 5 y 10 minutos, dependiendo del tr\u00e1fico.<\/li>\n<li><strong>Autob\u00fas: <\/strong>La l\u00ednea circular <strong>C2<\/strong> conecta Santa Justa con la parada \u201c<em>Juan Bautista Mu\u00f1oz (Esc. De Ingenier\u00eda)<\/em>\u201d. Puede descargar la <a href=\"https:\/\/www.tussam.es\/es\/descarga-app\" target=\"_blank\" rel=\"noopener\">AppTUSSAM<\/a> en su app store para disponer de la estimaci\u00f3n de los trayectos en su m\u00f3vil.<\/li>\n<\/ul>\n<p><strong>M\u00e1s informaci\u00f3n \u00fatil:<\/strong><\/p>\n<ul>\n<li>Disponible en el siguiente enlace:<\/li>\n<\/ul>\n<p style=\"text-align: center;\"><a href=\"https:\/\/caseib.es\/2024\/wp-content\/uploads\/2024\/11\/Otra-informacion-util-CASEIB2024.pdf\" target=\"_blank\" rel=\"noopener\">Informaci\u00f3n \u00fatil<\/a><\/p>\n","protected":false},"excerpt":{"rendered":"<p>C\u00f3mo llegar a la ETSI (Escuela T\u00e9cnica Superior de Ingenier\u00eda) La ETSI (https:\/\/etsi.us.es\/) se encuentra en la Avda. de los Descubrimientos s\/n., dentro de la Isla de la Cartuja. Ver el mapa m\u00e1s grande Es posible llegar caminando desde el centro de la ciudad en aproximadamente media hora, cruzando el\u2026<\/p>\n<p> <a class=\"continue-reading-link\" href=\"https:\/\/caseib.es\/2024\/como-llegar\/\"><span>VER MAS<\/span><i class=\"crycon-right-dir\"><\/i><\/a> <\/p>\n","protected":false},"author":7,"featured_media":0,"parent":0,"menu_order":0,"comment_status":"closed","ping_status":"closed","template":"","meta":{"footnotes":""},"class_list":["post-3651","page","type-page","status-publish","hentry"],"_links":{"self":[{"href":"https:\/\/caseib.es\/2024\/wp-json\/wp\/v2\/pages\/3651","targetHints":{"allow":["GET"]}}],"collection":[{"href":"https:\/\/caseib.es\/2024\/wp-json\/wp\/v2\/pages"}],"about":[{"href":"https:\/\/caseib.es\/2024\/wp-json\/wp\/v2\/types\/page"}],"author":[{"embeddable":true,"href":"https:\/\/caseib.es\/2024\/wp-json\/wp\/v2\/users\/7"}],"replies":[{"embeddable":true,"href":"https:\/\/caseib.es\/2024\/wp-json\/wp\/v2\/comments?post=3651"}],"version-history":[{"count":9,"href":"https:\/\/caseib.es\/2024\/wp-json\/wp\/v2\/pages\/3651\/revisions"}],"predecessor-version":[{"id":4393,"href":"https:\/\/caseib.es\/2024\/wp-json\/wp\/v2\/pages\/3651\/revisions\/4393"}],"wp:attachment":[{"href":"https:\/\/caseib.es\/2024\/wp-json\/wp\/v2\/media?parent=3651"}],"curies":[{"name":"wp","href":"https:\/\/api.w.org\/{rel}","templated":true}]}}