{"id":37,"date":"2015-02-03T19:11:14","date_gmt":"2015-02-03T18:11:14","guid":{"rendered":"http:\/\/localhost\/caseib15\/?page_id=37"},"modified":"2024-05-26T10:12:40","modified_gmt":"2024-05-26T09:12:40","slug":"sede","status":"publish","type":"page","link":"https:\/\/caseib.es\/2024\/sede\/","title":{"rendered":"SEDE"},"content":{"rendered":"<p>La <a href=\"https:\/\/www.us.es\" target=\"_blank\" rel=\"noopener\">Universidad de Sevilla<\/a> es una instituci\u00f3n p\u00fablica de educaci\u00f3n superior con m\u00e1s de cinco siglos de historia. Su Estatuto fue aprobado en 2003 y en 2010 fue reconocida como Campus de Excelencia Internacional. En la actualidad su actividad se desarrolla a trav\u00e9s de 134 departamentos universitarios y 32 centros universitarios, en los que se imparte docencia de 89 titulaciones de grado, 114 m\u00e1steres universitarios y 32 programas de doctorado. Con datos referidos al curso acad\u00e9mico 2022-23, su comunidad universitaria est\u00e1 formada por m\u00e1s de 70 000 personas, tama\u00f1o que representa la segunda posici\u00f3n en n\u00famero de estudiantes y la quinta en personal docente e investigador de las universidades p\u00fablicas presenciales a nivel nacional.<\/p>\n<p>El Centro con mayor n\u00famero de alumnos de la Universidad de Sevilla es la <a href=\"https:\/\/www.etsi.us.es\" target=\"_blank\" rel=\"noopener\">Escuela T\u00e9cnica Superior de Ingenier\u00eda (ETSI)<\/a>, sede de CASEIB 2024. Su actividad investigadora capta aproximadamente el 25% de la financiaci\u00f3n de proyectos nacionales en la Universidad de Sevilla y m\u00e1s del 40% de la financiaci\u00f3n de proyectos de I+D privados. Situada a 20 minutos del aeropuerto de San Pablo, se encuentra en la Isla de la Cartuja, en el que fuera el pabell\u00f3n Plaza de Am\u00e9rica durante la Exposici\u00f3n Universal de 1992. Se emplaza frente al Estadio Ol\u00edmpico de Sevilla y junto al parque tem\u00e1tico Isla M\u00e1gica, a unos 30 minutos a pie del centro de la ciudad, entrando por el puente de la Barqueta. Est\u00e1 comunicado por autob\u00fas con las l\u00edneas C1, C2 y 2, las dos primeras de las cuales disponen de parada en la estaci\u00f3n de Santa Justa, destino final del tren de alta velocidad (AVE). Todos los accesos por carretera confluyen en la ronda de circunvalaci\u00f3n SE-30, que pasa por el puente del Alamillo, ya pr\u00f3ximo a la Escuela.<\/p>\n<p style=\"text-align: center;\"><iframe loading=\"lazy\" style=\"border: 0;\" src=\"https:\/\/www.google.com\/maps\/embed?pb=!1m14!1m8!1m3!1d6338.220916388965!2d-6.000683!3d37.410864!3m2!1i1024!2i768!4f13.1!3m3!1m2!1s0xd126b60eeaa078f%3A0x75484b48a0cbe5a7!2sETSI%20(Escuela%20T%C3%A9cnica%20Superior%20de%20Ingenier%C3%ADa)!5e0!3m2!1ses-419!2ses!4v1716714467927!5m2!1ses-419!2ses\" width=\"600\" height=\"450\" allowfullscreen=\"allowfullscreen\"><\/iframe><\/p>\n<p>La Escuela T\u00e9cnica Superior de Ingenier\u00eda se crea en diciembre de 1963, por el Decreto Ley 3608\/63 bajo el patrocinio de la organizaci\u00f3n para la cooperaci\u00f3n y el desarrollo econ\u00f3mico (OCDE). La Escuela se inaugur\u00f3 oficialmente en abril de 1967. En marzo de 1972 sale la primera promoci\u00f3n de la Escuela. El plan OCDE se declara a extinguir en el a\u00f1o 1976, adopt\u00e1ndose el plan de estudios 1964, vigente en las dem\u00e1s escuelas del pa\u00eds. En aquel entonces se otorgaban los t\u00edtulos de Ingeniero Industrial, pudi\u00e9ndose cursar las especialidades de El\u00e9ctrica, Mec\u00e1nica, Organizaci\u00f3n y Qu\u00edmica, y de Doctor Ingeniero Industrial.<\/p>\n<p style=\"text-align: center;\"><a href=\"https:\/\/caseib.es\/2024\/wp-content\/uploads\/2024\/05\/centros-us-etsi.jpg\"><img loading=\"lazy\" decoding=\"async\" class=\"alignnone size-full wp-image-4167\" src=\"https:\/\/caseib.es\/2024\/wp-content\/uploads\/2024\/05\/centros-us-etsi.jpg\" alt=\"\" width=\"1286\" height=\"712\" data-id=\"4167\" srcset=\"https:\/\/caseib.es\/2024\/wp-content\/uploads\/2024\/05\/centros-us-etsi.jpg 1286w, https:\/\/caseib.es\/2024\/wp-content\/uploads\/2024\/05\/centros-us-etsi-300x166.jpg 300w, https:\/\/caseib.es\/2024\/wp-content\/uploads\/2024\/05\/centros-us-etsi-1024x567.jpg 1024w, https:\/\/caseib.es\/2024\/wp-content\/uploads\/2024\/05\/centros-us-etsi-768x425.jpg 768w, https:\/\/caseib.es\/2024\/wp-content\/uploads\/2024\/05\/centros-us-etsi-150x83.jpg 150w\" sizes=\"auto, (max-width: 1286px) 100vw, 1286px\" \/><\/a><\/p>\n<p>En el Curso 1991-92, la Escuela comienza la impartici\u00f3n de los estudios de Ingenier\u00eda de Telecomunicaci\u00f3n. En el curso 1994-95 se imparte por primera vez el segundo ciclo de esta titulaci\u00f3n, pudi\u00e9ndose cursar las especialidades o intensificaciones de se\u00f1ales y radiocomunicaci\u00f3n, telem\u00e1tica, electr\u00f3nica y control de procesos. En el a\u00f1o 2001 se comienza a impartir la titulaci\u00f3n de Ingenier\u00eda Aeron\u00e1utica.<\/p>\n<p>Actualmente se imparten 5 PARS en Ingenier\u00eda Superior (Ingenier\u00eda Industrial, Ingenier\u00eda de Telecomunicaci\u00f3n, Ingenier\u00eda Qu\u00edmica, Ingenier\u00eda Aeron\u00e1utica e Ingenier\u00eda de Caminos, Canales y Puertos), 3 Titulaciones de Grado dentro del Campus de Excelencia Internacional Andaluc\u00eda Tech (Grado en Ingenier\u00eda de la Energ\u00eda, Grado en Ingenier\u00eda Electr\u00f3nica, Rob\u00f3tica y Mecatr\u00f3nica y Grado en Ingenier\u00eda de Organizaci\u00f3n Industria), 11 titulaciones de m\u00e1ster (M\u00e1ster en Ingenier\u00eda Industrial, M\u00e1ster en Ingenier\u00eda de Telecomunicaci\u00f3n, M\u00e1ster en Ingenier\u00eda Qu\u00edmica, M\u00e1ster en Ingenier\u00eda Aeron\u00e1utica, M\u00e1ster en Ingenier\u00eda de Caminos, Canales y Puertos, M\u00e1ster en Sistemas de Energ\u00eda El\u00e9ctrica, M\u00e1ster en Electr\u00f3nica, Rob\u00f3tica y Autom\u00e1tica, M\u00e1ster en Dise\u00f1o Avanzado en Ingenier\u00eda Mec\u00e1nica, M\u00e1ster en Organizaci\u00f3n Industrial y Gesti\u00f3n de Empresas, M\u00e1ster en Ingenier\u00eda Ambiental y M\u00e1ster en Sistemas de Energ\u00eda T\u00e9rmica), 1 Doble M\u00e1ster Universitario (Doble M\u00e1ster Universitario en Ingenier\u00eda Qu\u00edmica e Ingenier\u00eda Ambiental), y 4 programas de doctorado (Ingenier\u00eda Autom\u00e1tica, Electr\u00f3nica y de Telecomunicaci\u00f3n, Ingenier\u00eda Energ\u00e9tica, Qu\u00edmica y Ambiental, Ingenier\u00eda Mec\u00e1nica y de Organizaci\u00f3n Industrial y Sistemas de Energ\u00eda El\u00e9ctrica).<\/p>\n<p>A lo largo de sus m\u00e1s de 50 a\u00f1os de existencia la Escuela ha ido alcanzando su madurez, formando a los m\u00e1s de 17000 titulados que han salido de sus aulas, numerosos doctores, profesores, etc. Se han establecido cauces para la relaci\u00f3n y colaboraci\u00f3n con otras universidades nacionales y extranjeras, tanto de profesores como de alumnos. Nuestra Escuela cuenta en la actualidad con m\u00e1s de 6000 alumnos, de los cuales egresan anualmente una media de 700, que son formados por 480 docentes.<\/p>\n<p>&nbsp;<\/p>\n","protected":false},"excerpt":{"rendered":"<p>La Universidad de Sevilla es una instituci\u00f3n p\u00fablica de educaci\u00f3n superior con m\u00e1s de cinco siglos de historia. Su Estatuto fue aprobado en 2003 y en 2010 fue reconocida como Campus de Excelencia Internacional. En la actualidad su actividad se desarrolla a trav\u00e9s de 134 departamentos universitarios y 32 centros\u2026<\/p>\n<p> <a class=\"continue-reading-link\" href=\"https:\/\/caseib.es\/2024\/sede\/\"><span>VER MAS<\/span><i class=\"crycon-right-dir\"><\/i><\/a> <\/p>\n","protected":false},"author":8,"featured_media":0,"parent":0,"menu_order":0,"comment_status":"closed","ping_status":"open","template":"","meta":{"footnotes":""},"class_list":["post-37","page","type-page","status-publish","hentry"],"_links":{"self":[{"href":"https:\/\/caseib.es\/2024\/wp-json\/wp\/v2\/pages\/37","targetHints":{"allow":["GET"]}}],"collection":[{"href":"https:\/\/caseib.es\/2024\/wp-json\/wp\/v2\/pages"}],"about":[{"href":"https:\/\/caseib.es\/2024\/wp-json\/wp\/v2\/types\/page"}],"author":[{"embeddable":true,"href":"https:\/\/caseib.es\/2024\/wp-json\/wp\/v2\/users\/8"}],"replies":[{"embeddable":true,"href":"https:\/\/caseib.es\/2024\/wp-json\/wp\/v2\/comments?post=37"}],"version-history":[{"count":80,"href":"https:\/\/caseib.es\/2024\/wp-json\/wp\/v2\/pages\/37\/revisions"}],"predecessor-version":[{"id":4197,"href":"https:\/\/caseib.es\/2024\/wp-json\/wp\/v2\/pages\/37\/revisions\/4197"}],"wp:attachment":[{"href":"https:\/\/caseib.es\/2024\/wp-json\/wp\/v2\/media?parent=37"}],"curies":[{"name":"wp","href":"https:\/\/api.w.org\/{rel}","templated":true}]}}