{"id":3798,"date":"2023-06-21T17:14:37","date_gmt":"2023-06-21T16:14:37","guid":{"rendered":"https:\/\/caseib.es\/2024\/?page_id=3798"},"modified":"2024-11-25T12:14:10","modified_gmt":"2024-11-25T11:14:10","slug":"premio-jose-maria-ferrero-corral","status":"publish","type":"page","link":"https:\/\/caseib.es\/2024\/premio-jose-maria-ferrero-corral\/","title":{"rendered":"PREMIO JOS\u00c9 MAR\u00cdA FERRERO CORRAL"},"content":{"rendered":"<p><strong>PREMIOS<\/strong><\/p>\n<ul>\n<li>Primer Premio: <strong>Mar\u00eda Termen\u00f3n Rivas<\/strong>, \u201cCaracterizaci\u00f3n de la velocidad de conducci\u00f3n a partir de registros el\u00e9ctricos intracavitarios durante fibrilaci\u00f3n auricular,\u201d Universitat de Val\u00e8ncia<\/li>\n<li>Segundo Premio: <strong>Eva Milara Hernando<\/strong>, \u201cSegmentaci\u00f3n y cuantificaci\u00f3n de la m\u00e9dula \u00f3sea en im\u00e1genes [18F]FDG PET\/CT para la detecci\u00f3n de la Enfermedad Residual Medible en pacientes con Mieloma M\u00faltiple,\u201d Universidad Polit\u00e9cnica de Madrid<\/li>\n<li>Tercer Premio: <strong>Vanesa G\u00f3mez-Mart\u00ednez<\/strong>, \u201cAlgoritmos gen\u00e9ticos para la mejora de iluminaci\u00f3n en im\u00e1genes macrosc\u00f3picas y modelos basados en redes neuronales para la segmentaci\u00f3n y detecci\u00f3n de lesiones cut\u00e1neas,\u201d Universidad Rey Juan Carlos<\/li>\n<\/ul>\n<p>Felicidades a todas las premiadas.<\/p>\n<p><strong>MOTIVACI\u00d3N<\/strong><\/p>\n<p>La SEIB, con el apoyo del comit\u00e9 local del CASEIB, organiza una <strong>Competici\u00f3n de Comunicaciones de Estudiantes de M\u00e1ster y Doctorado<\/strong>.<br \/>\nDe entre todos los trabajos presentados a concurso, ser\u00e1n seleccionados seis finalistas por los miembros del Comit\u00e9 Cient\u00edfico para su exposici\u00f3n oral en la final del Concurso, que tendr\u00e1 lugar en una sesi\u00f3n de car\u00e1cter plenario del CASEIB 2024.<br \/>\nAtendiendo a la calidad del trabajo y de la exposici\u00f3n del mismo, el Jurado elegir\u00e1 los tres mejores, que ser\u00e1n dotados con una gratificaci\u00f3n econ\u00f3mica (Primer premio: 1200 \u20ac, Segundo premio: 800 \u20ac y Tercer premio: 400 \u20ac). Asimismo, se entregar\u00e1n certificados a los finalistas y premiados.<\/p>\n<p>La <strong>entrega de premios<\/strong> tendr\u00e1 lugar en el transcurso de la <strong>acto de clausura<\/strong> del congreso, el viernes 15 de noviembre a partir de las 13:00 h.<\/p>\n<p><strong>JURADO<\/strong><\/p>\n<p>Los miembros del jurado designados para la sesi\u00f3n de finalistas de los premios, que tendr\u00e1 lugar el jueves 14 de noviembre, entre las 12:00 y las 13:30 h, son:<\/p>\n<ul>\n<li>Prof. Pablo Laguna, Universidad de Zaragoza<\/li>\n<li>Prof\u00aa. Beatriz Giraldo, Universitat Polit\u00e8cnica de Catalunya<\/li>\n<li>Prof. Javier Reina, Universidad de Sevilla<\/li>\n<\/ul>\n<p><strong>FINALISTAS<\/strong><\/p>\n<ul>\n<li>Ana Mart\u00edn-Fern\u00e1ndez, et al. \u201cAn\u00e1lisis de la influencia de la opacidad de los est\u00edmulos visuales en sistemas brain-computer interface basados en potenciales evocados visuales modulados por c\u00f3digo,\u201d Universidad de Valladolid<\/li>\n<li>Eva Milara Hernando, et al. \u201cSegmentaci\u00f3n y cuantificaci\u00f3n de la m\u00e9dula \u00f3sea en im\u00e1genes [18F]FDG PET\/CT para la detecci\u00f3n de la Enfermedad Residual Medible en pacientes con Mieloma M\u00faltiple,\u201d Universidad Polit\u00e9cnica de Madrid<\/li>\n<li>Daniele Padovano, et al. \u201cM\u00e9todos de Aprendizaje Autom\u00e1tico para la Predicci\u00f3n de Fibrilaci\u00f3n Auricular Parox\u00edstica a partir de Registros Electrocardiogr\u00e1ficos de Ritmo Sinusal Normal,\u201d Universidad de Castilla-La Mancha<\/li>\n<li>Mar\u00eda Termen\u00f3n Rivas, et al. \u201cCaracterizaci\u00f3n de la velocidad de conducci\u00f3n a partir de registros el\u00e9ctricos intracavitarios durante fibrilaci\u00f3n auricular,\u201d Universitat de Val\u00e8ncia<\/li>\n<li>Ignacio Hern\u00e1ndez-Abad, et al. \u201cDevelopment and Implementation of Virtual Staining Techniques in Bone Marrow Samples using Deep Learning,\u201d Universidad Polit\u00e9cnica de Madrid<\/li>\n<li>Vanesa G\u00f3mez-Mart\u00ednez, et al. \u201cAlgoritmos gen\u00e9ticos para la mejora de iluminaci\u00f3n en im\u00e1genes macrosc\u00f3picas y modelos basados en redes neuronales para la segmentaci\u00f3n y detecci\u00f3n de lesiones cut\u00e1neas,\u201d Universidad Rey Juan Carlos<\/li>\n<\/ul>\n<p><strong>REQUISITOS DE LOS ASPIRANTES<\/strong><\/p>\n<ol>\n<li>Los candidatos <strong>deben tener formalizada su pertenencia a la SEIB<\/strong> como miembros estudiantes\u00a0<strong>antes<\/strong> de solicitar su participaci\u00f3n en el concurso. Se rechazar\u00e1n todas aquellas candidaturas donde no se certifique su pertenencia a la SEIB.<\/li>\n<li>Los solicitantes <strong>no podr\u00e1n poseer el grado de doctor<\/strong> con antelaci\u00f3n a la fecha de finalizaci\u00f3n del congreso.<\/li>\n<li>Los candidatos <strong>deber\u00e1n tener la condici\u00f3n de primer firmante de una comunicaci\u00f3n enviada bajo la modalidad de art\u00edculo, aceptada para exposici\u00f3n oral en el congreso, y asumir el compromiso de presentarlo<\/strong> en el mismo.<\/li>\n<li>Para poder hacer efectivo el importe de los premios, los candidatos seleccionados deber\u00e1n enviar a la Tesorer\u00eda de la SEIB: justificante de su condici\u00f3n de socio estudiante de la SEIB (con fecha anterior a la solicitud del concurso) y cuenta bancaria para efectuar el ingreso.<\/li>\n<\/ol>\n<p>Para los trabajos que deseen participar en el Premio Jos\u00e9 Mar\u00eda Ferrero Corral y cumplan los requisitos anteriores, se puede seleccionar el tema \u00abPremio Jos\u00e9 Mar\u00eda Ferrero Corral\u00bb en el proceso de env\u00edo, adem\u00e1s de las \u00e1reas tem\u00e1ticas en que se encuadra, o bien indicarlo expresamente en los comentarios del formulario de env\u00edo, o tambi\u00e9n marcar la casilla correspondiente en dicho formulario.<\/p>\n","protected":false},"excerpt":{"rendered":"<p>PREMIOS Primer Premio: Mar\u00eda Termen\u00f3n Rivas, \u201cCaracterizaci\u00f3n de la velocidad de conducci\u00f3n a partir de registros el\u00e9ctricos intracavitarios durante fibrilaci\u00f3n auricular,\u201d Universitat de Val\u00e8ncia Segundo Premio: Eva Milara Hernando, \u201cSegmentaci\u00f3n y cuantificaci\u00f3n de la m\u00e9dula \u00f3sea en im\u00e1genes [18F]FDG PET\/CT para la detecci\u00f3n de la Enfermedad Residual Medible en pacientes\u2026<\/p>\n<p> <a class=\"continue-reading-link\" href=\"https:\/\/caseib.es\/2024\/premio-jose-maria-ferrero-corral\/\"><span>VER MAS<\/span><i class=\"crycon-right-dir\"><\/i><\/a> <\/p>\n","protected":false},"author":7,"featured_media":0,"parent":0,"menu_order":0,"comment_status":"closed","ping_status":"closed","template":"","meta":{"footnotes":""},"class_list":["post-3798","page","type-page","status-publish","hentry"],"_links":{"self":[{"href":"https:\/\/caseib.es\/2024\/wp-json\/wp\/v2\/pages\/3798","targetHints":{"allow":["GET"]}}],"collection":[{"href":"https:\/\/caseib.es\/2024\/wp-json\/wp\/v2\/pages"}],"about":[{"href":"https:\/\/caseib.es\/2024\/wp-json\/wp\/v2\/types\/page"}],"author":[{"embeddable":true,"href":"https:\/\/caseib.es\/2024\/wp-json\/wp\/v2\/users\/7"}],"replies":[{"embeddable":true,"href":"https:\/\/caseib.es\/2024\/wp-json\/wp\/v2\/comments?post=3798"}],"version-history":[{"count":19,"href":"https:\/\/caseib.es\/2024\/wp-json\/wp\/v2\/pages\/3798\/revisions"}],"predecessor-version":[{"id":4396,"href":"https:\/\/caseib.es\/2024\/wp-json\/wp\/v2\/pages\/3798\/revisions\/4396"}],"wp:attachment":[{"href":"https:\/\/caseib.es\/2024\/wp-json\/wp\/v2\/media?parent=3798"}],"curies":[{"name":"wp","href":"https:\/\/api.w.org\/{rel}","templated":true}]}}