{"id":3808,"date":"2023-06-21T17:20:30","date_gmt":"2023-06-21T16:20:30","guid":{"rendered":"https:\/\/caseib.es\/2024\/?page_id=3808"},"modified":"2024-11-25T12:17:40","modified_gmt":"2024-11-25T11:17:40","slug":"premios-fenin-seib","status":"publish","type":"page","link":"https:\/\/caseib.es\/2024\/premios-fenin-seib\/","title":{"rendered":"PREMIOS SEIB-FENIN"},"content":{"rendered":"<p><strong>COMPETICI\u00d3N DE ESTUDIANTES DE GRADOS DE INGENIER\u00cdA BIOM\u00c9DICA<\/strong><\/p>\n<p><strong>PREMIOS<\/strong><\/p>\n<ul>\n<li>Primer Premio: <strong>Ignacio Lorente<\/strong>, \u201cDevelopment of slide-ring double network hydrogel for powering implantable biomedical devices,\u201d Universidad Francisco de Vitoria<\/li>\n<li>Segundo Premio: <strong>Luc\u00eda Curiel<\/strong>, \u201cIntegraci\u00f3n de informaci\u00f3n biom\u00e9dica heterog\u00e9nea para la clasificaci\u00f3n multiclase de la enfermedad de Alzheimer y el deterioro cognitivo leve,\u201d Universidad de Valladolid<\/li>\n<li>Tercer Premio: <strong>I\u00f1aki Dellibarda<\/strong>, \u201cImplementaci\u00f3n y control de un exoesqueleto basado en estructura de cables para la asistencia de tobillo durante la marcha en ni\u00f1os con par\u00e1lisis cerebral,\u201d Universidad Polit\u00e9cnica de Madrid<\/li>\n<\/ul>\n<p>Felicidades a todos los premiados.<\/p>\n<p><strong>MOTIVACI\u00d3N<\/strong><br \/>\nLa <a href=\"https:\/\/seib.org.es\/\">Sociedad Espa\u00f1ola de Ingenier\u00eda Biom\u00e9dica (SEIB)<\/a> y la<a href=\"https:\/\/www.fenin.es\/\"> Federaci\u00f3n Espa\u00f1ola de Empresas de Tecnolog\u00eda Sanitaria (FENIN)<\/a>, coordinadas con los centros espa\u00f1oles en los que se imparten titulaciones de Graduado en Ingenier\u00eda Biom\u00e9dica, convocan los Premios SEIB-FENIN dirigidos a estudiantes Grado en Ingenier\u00eda Biom\u00e9dica.<\/p>\n<p><strong>PREMIOS<\/strong><br \/>\nLos Premios tienen una dotaci\u00f3n en met\u00e1lico de 600\u20ac, 400\u20ac y 200\u20ac para el 1er, 2\u00ba y 3er Premio, respectivamente. La SEIB se hace cargo de los gastos de inscripci\u00f3n al congreso <a href=\"https:\/\/caseib.es\/2024\/\">CASEIB 2024<\/a>\u00a0de los estudiantes seleccionados y los centros proporcionar\u00e1n una ayuda de viaje para la estancia y el transporte. Todos los seleccionados recibir\u00e1n una inscripci\u00f3n gratuita como miembro estudiante de la SEIB durante un a\u00f1o desde la fecha de celebraci\u00f3n del congreso.<\/p>\n<p>La <strong>entrega de premios<\/strong> tendr\u00e1 lugar en el transcurso del <strong>acto de clausura <\/strong>del congreso, el viernes 15 de noviembre a partir de las 13:00 h.<\/p>\n<p><strong>JURADO<\/strong><\/p>\n<p>Los miembros del jurado designados para la sesi\u00f3n de finalistas de los premios, que tendr\u00e1 lugar el mi\u00e9rcoles 13 de noviembre, entre las 15:00 y las 18:00 h, son:<\/p>\n<ul>\n<li>Bego\u00f1a Acha, Universidad de Sevilla<\/li>\n<li>Elisabete Aramendi, Universidad del Pa\u00eds Vasco<\/li>\n<li>Juan Carlos Antony, GE Healthcare<\/li>\n<\/ul>\n<p><strong>FINALISTAS<\/strong><\/p>\n<ul>\n<li>Beatriz Aldana, et al.: \u201cDigital twins: new personalized strategies for atrial fibrillation ablation,\u201d Universidad Carlos III de Madrid<\/li>\n<li>Alba Benito, et al.: \u201cSistema vestible para la traducci\u00f3n del lenguaje de signos usando inteligencia artificial,\u201d Universidad de Alicante<\/li>\n<li>Sergi Marsol, et al.: \u201cKeyCARE: a framework for biomedical keyword extraction, term categorization and semantic relation,\u201d Universitat de Barcelona<\/li>\n<li>Cristina Aparicio, et al.: \u201cAn\u00e1lisis morfom\u00e9trico de miotubos humanos ingenierizados in vitro mediante herramientas de segmentaci\u00f3n y reconstrucci\u00f3n 3D,\u201d Universidad de Navarra<\/li>\n<li>Luc\u00eda Curiel, et al.: \u201cIntegraci\u00f3n de informaci\u00f3n biom\u00e9dica heterog\u00e9nea para la clasificaci\u00f3n multiclase de la enfermedad de Alzheimer y el deterioro cognitivo leve,\u201d Universidad de Valladolid<\/li>\n<li>Clara Aibar, et al.: \u201cDise\u00f1o de un dispositivo para la medida del relleno capilar en Cuidados Intensivos,\u201d Universidad Europea<\/li>\n<li>Ignacio Lorente, et al.: \u201cDevelopment of slide-ring double network hydrogel for powering implantable biomedical devices,\u201d Universidad Francisco de Vitoria<\/li>\n<li>June Aranberria, et al.: \u201cAn\u00e1lisis de interdependencias de alto orden en la actividad cerebral durante diferentes estados de consciencia utilizando datos electrofisiol\u00f3gicos: enfoque en m\u00e9tricas de O-informaci\u00f3n,\u201d Mondragon Unibertsitatea<\/li>\n<li>Carmen Ortega, et al.: \u201cDise\u00f1o y fabricaci\u00f3n de implante vertebral mediante impresi\u00f3n 3D con materiales de alto rendimiento: an\u00e1lisis y optimizaci\u00f3n de implantes en PEEK,\u201d Universidad Polit\u00e9cnica de Cartagena<\/li>\n<li>Gerard Castells, et al.: \u201cNon-invasive whole-body and localized bioimpedance measurements in intensive care unit patients,\u201d Universitat Polit\u00e8cnica de Catalunya<\/li>\n<li>I\u00f1aki Dellibarda, et al.: \u201cImplementaci\u00f3n y control de un exoesqueleto basado en estructura de cables para la asistencia de tobillo durante la marcha en ni\u00f1os con par\u00e1lisis cerebral,\u201d Universidad Polit\u00e9cnica de Madrid<\/li>\n<li>Anabel Buend\u00eda, et al.: \u201cAssessing the relationship between the clinical status and pelvic muscle activity of vulvodynia patients: a pre and post-BoNT\/A treatment analysis,\u201d Universitat Polit\u00e8cnica de Val\u00e8ncia<\/li>\n<li>Arig Kamalmaz, et al.: \u201cCost-effectiveness analysis of advanced therapies for acute ischemic stroke using the QALY measure through natural language processing,\u201d Universitat Pompeu Fabra<\/li>\n<li>\u00c1lvaro Sosa, et al.: \u201cT-wave alternans analysis: a machine learning and deep learning approach in Python,\u201d Universidad Rey Juan Carlos<\/li>\n<li><span data-olk-copy-source=\"MessageBody\">Laia Mallol-Bordas, et al.: \u201cAn\u00e1lisis de diferentes m\u00e9todos heur\u00edsticos para la localizaci\u00f3n de puntos craneales: Evaluaci\u00f3n de la precisi\u00f3n frente al sistema internacional 10\/20,\u201d Universitat Rovira i Virgili<\/span><\/li>\n<li>Alba Vargas, et al.: \u201cOptimizaci\u00f3n de la ergonom\u00eda y el confort del exoesqueleto POWERUP para la rehabilitaci\u00f3n de ni\u00f1os con par\u00e1lisis cerebral,\u201d Universidad CEU San Pablo<\/li>\n<\/ul>\n<p>La sesi\u00f3n de finalistas tendr\u00e1 lugar en la tarde del mi\u00e9rcoles 13 de noviembre, entre las 15:00 y las 18:00 h. Los estudiantes expondr\u00e1n oralmente su trabajo durante 7 minutos y debatir\u00e1n con el tribunal durante 3 minutos. El orden de intervenci\u00f3n se establecer\u00e1 cuando se publique el programa de CASEIB 2024.<\/p>\n<p><strong>CONTACTO COORDINADORES GIB<\/strong><\/p>\n\n<table id=\"tablepress-41\" class=\"tablepress tablepress-id-41\">\n<tbody>\n<tr class=\"row-1\">\n\t<td class=\"column-1\">Universidad Aut\u00f3noma de Madrid<\/td><td class=\"column-2\">Pablo Varona<\/td><td class=\"column-3\"><a href=\"mailto:pablo.varona@uam.es\" rel=\"noopener\" target=\"_blank\">pablo.varona@uam.es<\/a><\/td>\n<\/tr>\n<tr class=\"row-2\">\n\t<td class=\"column-1\">Universidad Carlos III de Madrid<\/td><td class=\"column-2\">Carlos Leon Canseco<\/td><td class=\"column-3\"><a href=\"mailto:cleon@ing.uc3m.es\" rel=\"noopener\" target=\"_blank\">cleon@ing.uc3m.es<\/a><\/td>\n<\/tr>\n<tr class=\"row-3\">\n\t<td class=\"column-1\">Universidad de Alicante<\/td><td class=\"column-2\">Daniel Ruiz<\/td><td class=\"column-3\"><a href=\"mailto:druiz@dtic.ua.es\" rel=\"noopener\" target=\"_blank\">druiz@dtic.ua.es<\/a><\/td>\n<\/tr>\n<tr class=\"row-4\">\n\t<td class=\"column-1\">Universidad de Barcelona<\/td><td class=\"column-2\">Roser Sala Llonch<\/td><td class=\"column-3\"><a href=\"mailto:roser.sala@ub.edu\" rel=\"noopener\" target=\"_blank\">roser.sala@ub.edu<\/a><\/td>\n<\/tr>\n<tr class=\"row-5\">\n\t<td class=\"column-1\">Universidad de Deusto<\/td><td class=\"column-2\">Bego\u00f1a Garcia-Zapirain<\/td><td class=\"column-3\"><a href=\"mailto:mbgarciazapi@deusto.es\" rel=\"noopener\" target=\"_blank\">mbgarciazapi@deusto.es<\/a><\/td>\n<\/tr>\n<tr class=\"row-6\">\n\t<td class=\"column-1\">Universidad de Girona<\/td><td class=\"column-2\">Maria Teresa Puig Miquel\u00a0<\/td><td class=\"column-3\"><a href=\"mailto:teresa.puig@udg.edu\" rel=\"noopener\" target=\"_blank\">teresa.puig@udg.edu<\/a><\/td>\n<\/tr>\n<tr class=\"row-7\">\n\t<td class=\"column-1\">Universidad de Navarra<\/td><td class=\"column-2\">Podhorski, Adam<\/td><td class=\"column-3\"><a href=\"mailto:apodhorski@tecnun.es\" rel=\"noopener\" target=\"_blank\">apodhorski@tecnun.es<\/a><\/td>\n<\/tr>\n<tr class=\"row-8\">\n\t<td class=\"column-1\">Universidad de Valladolid<\/td><td class=\"column-2\">Jes\u00fas Poza Crespo<\/td><td class=\"column-3\"><a href=\"mailto:jesus.poza@tel.uva.es\" rel=\"noopener\" target=\"_blank\">jesus.poza@tel.uva.es<\/a><\/td>\n<\/tr>\n<tr class=\"row-9\">\n\t<td class=\"column-1\">Universidad de Vigo<\/td><td class=\"column-2\">Juan Pou Saracho<\/td><td class=\"column-3\"><a href=\"mailto:jpou@uvigo.es\" rel=\"noopener\" target=\"_blank\">jpou@uvigo.es<\/a><\/td>\n<\/tr>\n<tr class=\"row-10\">\n\t<td class=\"column-1\">Universidad Europea de Madrid<\/td><td class=\"column-2\">Jos\u00e9 Luis Lafuente Carrasco<\/td><td class=\"column-3\"><a href=\"mailto:joseluis.lafuente@universidadeuropea.es\" rel=\"noopener\" target=\"_blank\">joseluis.lafuente@universidadeuropea.es<\/a><\/td>\n<\/tr>\n<tr class=\"row-11\">\n\t<td class=\"column-1\">Universidad Francisco de Vitoria<\/td><td class=\"column-2\">Maria Arroyo Hernandez<\/td><td class=\"column-3\"><a href=\"mailto:m.arroyo.prof@ufv.es\" rel=\"noopener\" target=\"_blank\">m.arroyo.prof@ufv.es<\/a><\/td>\n<\/tr>\n<tr class=\"row-12\">\n\t<td class=\"column-1\">Universidad Mondrag\u00f3n Unibertsitatea<\/td><td class=\"column-2\">Maialen Aginagalde Unanue<\/td><td class=\"column-3\"><a href=\"mailto:maginagalde@mondragon.edu\" rel=\"noopener\" target=\"_blank\">maginagalde@mondragon.edu<\/a><\/td>\n<\/tr>\n<tr class=\"row-13\">\n\t<td class=\"column-1\">Universidad Polit\u00e9cnica de Cartagena<\/td><td class=\"column-2\">Joaqu\u00edn Roca Gonzalez<\/td><td class=\"column-3\"><a href=\"mailto:Jroca.Gonzalez@upct.es\" rel=\"noopener\" target=\"_blank\">Jroca.Gonzalez@upct.es<\/a><\/td>\n<\/tr>\n<tr class=\"row-14\">\n\t<td class=\"column-1\">Universidad Polit\u00e9cnica de Catalunya<\/td><td class=\"column-2\">Daniel Rodriguez Rius<\/td><td class=\"column-3\"><a href=\"mailto:daniel.rodriguez.rius@upc.edu\" rel=\"noopener\" target=\"_blank\">daniel.rodriguez.rius@upc.edu<\/a><\/td>\n<\/tr>\n<tr class=\"row-15\">\n\t<td class=\"column-1\">Universidad Polit\u00e9cnica de Madrid<\/td><td class=\"column-2\">Patricia Sanchez Gonzalez<\/td><td class=\"column-3\"><a href=\"mailto:P.sanchez@upm.es\" rel=\"noopener\" target=\"_blank\">P.sanchez@upm.es<\/a><\/td>\n<\/tr>\n<tr class=\"row-16\">\n\t<td class=\"column-1\">Universidad Polit\u00e9cnica de Val\u00e9ncia<\/td><td class=\"column-2\">Francisco Javier Saiz Rodriguez<\/td><td class=\"column-3\"><a href=\"mailto:jsaiz@ci2b.upv.es\" rel=\"noopener\" target=\"_blank\">jsaiz@ci2b.upv.es<\/a><\/td>\n<\/tr>\n<tr class=\"row-17\">\n\t<td class=\"column-1\">Universidad Pompeu Fabra<\/td><td class=\"column-2\">Antoni Ivorra<\/td><td class=\"column-3\"><a href=\"mailto:antoni.ivorra@upf.edu\" rel=\"noopener\" target=\"_blank\">antoni.ivorra@upf.edu<\/a><\/td>\n<\/tr>\n<tr class=\"row-18\">\n\t<td class=\"column-1\">Universidad P\u00fablica de Navarra<\/td><td class=\"column-2\">Jesus Daniel Trigo Vilaseca<\/td><td class=\"column-3\"><a href=\"mailto:jesusdaniel.trigo@unavarra.es\" rel=\"noopener\" target=\"_blank\">jesusdaniel.trigo@unavarra.es<\/a><\/td>\n<\/tr>\n<tr class=\"row-19\">\n\t<td class=\"column-1\">Universidad Rey Juan Carlos<\/td><td class=\"column-2\">Cristina Soguero Ruiz<\/td><td class=\"column-3\"><a href=\"mailto:cristina.soguero@urjc.es\" rel=\"noopener\" target=\"_blank\">cristina.soguero@urjc.es<\/a><\/td>\n<\/tr>\n<tr class=\"row-20\">\n\t<td class=\"column-1\">Universidad Rovira i Virgili<\/td><td class=\"column-2\">Alfonso Jos\u00e9 Romero Nevado<\/td><td class=\"column-3\"><a href=\"mailto:alfonsojose.romero@urv.cat\" rel=\"noopener\" target=\"_blank\">alfonsojose.romero@urv.cat<\/a><\/td>\n<\/tr>\n<tr class=\"row-21\">\n\t<td class=\"column-1\">Universidad San Pablo-CEU<\/td><td class=\"column-2\">Rafael Raya Lopez<\/td><td class=\"column-3\"><a href=\"mailto:rafael.rayalopez@ceu.es\" rel=\"noopener\" target=\"_blank\">rafael.rayalopez@ceu.es<\/a><\/td>\n<\/tr>\n<\/tbody>\n<\/table>\n<!-- #tablepress-41 from cache -->\n<p><strong>CON LA COLABORACI\u00d3N DE<\/strong><\/p>\n<p><a href=\"https:\/\/caseib.es\/2024\/wp-content\/uploads\/2022\/02\/logotipo_fenin-e1712659193512.png\"><img loading=\"lazy\" decoding=\"async\" class=\"alignnone size-full wp-image-3011\" src=\"https:\/\/caseib.es\/2024\/wp-content\/uploads\/2022\/02\/logotipo_fenin-e1712659193512.png\" alt=\"\" width=\"267\" height=\"150\" data-id=\"3011\" \/><\/a><\/p>\n<p>&nbsp;<\/p>\n<p>&nbsp;<\/p>\n","protected":false},"excerpt":{"rendered":"<p>COMPETICI\u00d3N DE ESTUDIANTES DE GRADOS DE INGENIER\u00cdA BIOM\u00c9DICA PREMIOS Primer Premio: Ignacio Lorente, \u201cDevelopment of slide-ring double network hydrogel for powering implantable biomedical devices,\u201d Universidad Francisco de Vitoria Segundo Premio: Luc\u00eda Curiel, \u201cIntegraci\u00f3n de informaci\u00f3n biom\u00e9dica heterog\u00e9nea para la clasificaci\u00f3n multiclase de la enfermedad de Alzheimer y el deterioro cognitivo\u2026<\/p>\n<p> <a class=\"continue-reading-link\" href=\"https:\/\/caseib.es\/2024\/premios-fenin-seib\/\"><span>VER MAS<\/span><i class=\"crycon-right-dir\"><\/i><\/a> <\/p>\n","protected":false},"author":7,"featured_media":0,"parent":0,"menu_order":0,"comment_status":"closed","ping_status":"closed","template":"","meta":{"footnotes":""},"class_list":["post-3808","page","type-page","status-publish","hentry"],"_links":{"self":[{"href":"https:\/\/caseib.es\/2024\/wp-json\/wp\/v2\/pages\/3808","targetHints":{"allow":["GET"]}}],"collection":[{"href":"https:\/\/caseib.es\/2024\/wp-json\/wp\/v2\/pages"}],"about":[{"href":"https:\/\/caseib.es\/2024\/wp-json\/wp\/v2\/types\/page"}],"author":[{"embeddable":true,"href":"https:\/\/caseib.es\/2024\/wp-json\/wp\/v2\/users\/7"}],"replies":[{"embeddable":true,"href":"https:\/\/caseib.es\/2024\/wp-json\/wp\/v2\/comments?post=3808"}],"version-history":[{"count":27,"href":"https:\/\/caseib.es\/2024\/wp-json\/wp\/v2\/pages\/3808\/revisions"}],"predecessor-version":[{"id":4397,"href":"https:\/\/caseib.es\/2024\/wp-json\/wp\/v2\/pages\/3808\/revisions\/4397"}],"wp:attachment":[{"href":"https:\/\/caseib.es\/2024\/wp-json\/wp\/v2\/media?parent=3808"}],"curies":[{"name":"wp","href":"https:\/\/api.w.org\/{rel}","templated":true}]}}