{"id":3820,"date":"2023-06-21T19:48:31","date_gmt":"2023-06-21T18:48:31","guid":{"rendered":"https:\/\/caseib.es\/2024\/?page_id=3820"},"modified":"2024-10-14T11:30:12","modified_gmt":"2024-10-14T10:30:12","slug":"descuento-renfe","status":"publish","type":"page","link":"https:\/\/caseib.es\/2024\/descuento-renfe\/","title":{"rendered":"DESCUENTO RENFE"},"content":{"rendered":"<p>Los asistentes podr\u00e1n disfrutar del descuento del 5% en recorridos nacionales a la hora de comprar sus billetes a trav\u00e9s de <a href=\"http:\/\/www.renfe.com\">www.renfe.com<\/a> o mediante la presentaci\u00f3n del documento impreso en cualquier punto de venta Renfe.<\/p>\n<p>El documento de autorizaci\u00f3n, impreso o PDF en el m\u00f3vil, ser\u00e1 mostrado tanto en control de acceso como al Interventor\/Supervisor del tren junto al billete, siendo obligatorio llevarlo durante todo el recorrido.<\/p>\n<p>Enviar un e-mail a <a href=\"mailto:secretaria@caseib.es\">secretaria@caseib.es<\/a> con el asunto \u00abCASEIB2024-Descuento Renfe\u00bb para solicitar el documento de autorizaci\u00f3n por correo electr\u00f3nico, que les ser\u00e1 remitido a la mayor brevedad posible.<\/p>\n<p>A la hora de aplicar el n\u00famero de autorizaci\u00f3n, se puede proceder como sigue:<\/p>\n<ol>\n<li>Seleccionar el tren que deseen marcando en cualquiera de las opciones disponibles (B\u00e1sico, Elige, Elige Confort y Pr\u00e9miun)..<\/li>\n<li>En el desplegable de tarifas seleccionar la tarifa de Congresos\/Eventos.<\/li>\n<li>Introducir el n\u00famero de autorizaci\u00f3n en la casilla que indica n\u00famero de autorizaci\u00f3n (No v\u00e1lido para casilla c\u00f3digo descuento).<\/li>\n<\/ol>\n<p>Con la colaboraci\u00f3n de:<\/p>\n<p><a href=\"https:\/\/www.renfe.com\/es\/es\"><img loading=\"lazy\" decoding=\"async\" class=\"alignleft size-medium wp-image-3832\" src=\"https:\/\/caseib.es\/2024\/wp-content\/uploads\/2023\/06\/Logotipo_de_Renfe_Operadora.svg-300x115.png\" alt=\"\" width=\"300\" height=\"115\" data-id=\"3832\" srcset=\"https:\/\/caseib.es\/2024\/wp-content\/uploads\/2023\/06\/Logotipo_de_Renfe_Operadora.svg-300x115.png 300w, https:\/\/caseib.es\/2024\/wp-content\/uploads\/2023\/06\/Logotipo_de_Renfe_Operadora.svg-768x294.png 768w, https:\/\/caseib.es\/2024\/wp-content\/uploads\/2023\/06\/Logotipo_de_Renfe_Operadora.svg.png 1024w, https:\/\/caseib.es\/2024\/wp-content\/uploads\/2023\/06\/Logotipo_de_Renfe_Operadora.svg-150x57.png 150w\" sizes=\"auto, (max-width: 300px) 100vw, 300px\" \/><\/a><\/p>\n","protected":false},"excerpt":{"rendered":"<p>Los asistentes podr\u00e1n disfrutar del descuento del 5% en recorridos nacionales a la hora de comprar sus billetes a trav\u00e9s de www.renfe.com o mediante la presentaci\u00f3n del documento impreso en cualquier punto de venta Renfe. El documento de autorizaci\u00f3n, impreso o PDF en el m\u00f3vil, ser\u00e1 mostrado tanto en control\u2026<\/p>\n<p> <a class=\"continue-reading-link\" href=\"https:\/\/caseib.es\/2024\/descuento-renfe\/\"><span>VER MAS<\/span><i class=\"crycon-right-dir\"><\/i><\/a> <\/p>\n","protected":false},"author":7,"featured_media":0,"parent":0,"menu_order":0,"comment_status":"closed","ping_status":"closed","template":"","meta":{"footnotes":""},"class_list":["post-3820","page","type-page","status-publish","hentry"],"_links":{"self":[{"href":"https:\/\/caseib.es\/2024\/wp-json\/wp\/v2\/pages\/3820","targetHints":{"allow":["GET"]}}],"collection":[{"href":"https:\/\/caseib.es\/2024\/wp-json\/wp\/v2\/pages"}],"about":[{"href":"https:\/\/caseib.es\/2024\/wp-json\/wp\/v2\/types\/page"}],"author":[{"embeddable":true,"href":"https:\/\/caseib.es\/2024\/wp-json\/wp\/v2\/users\/7"}],"replies":[{"embeddable":true,"href":"https:\/\/caseib.es\/2024\/wp-json\/wp\/v2\/comments?post=3820"}],"version-history":[{"count":11,"href":"https:\/\/caseib.es\/2024\/wp-json\/wp\/v2\/pages\/3820\/revisions"}],"predecessor-version":[{"id":4302,"href":"https:\/\/caseib.es\/2024\/wp-json\/wp\/v2\/pages\/3820\/revisions\/4302"}],"wp:attachment":[{"href":"https:\/\/caseib.es\/2024\/wp-json\/wp\/v2\/media?parent=3820"}],"curies":[{"name":"wp","href":"https:\/\/api.w.org\/{rel}","templated":true}]}}