{"id":3864,"date":"2023-06-26T14:25:18","date_gmt":"2023-06-26T13:25:18","guid":{"rendered":"https:\/\/caseib.es\/2024\/?page_id=3864"},"modified":"2024-09-13T17:09:31","modified_gmt":"2024-09-13T16:09:31","slug":"inscripciones","status":"publish","type":"page","link":"https:\/\/caseib.es\/2024\/inscripciones\/","title":{"rendered":"INSCRIPCIONES"},"content":{"rendered":"\n<table id=\"tablepress-4\" class=\"tablepress tablepress-id-4\">\n<tbody class=\"row-striping\">\n<tr class=\"row-1\">\n\t<td class=\"column-1\"><strong>Cuotas de inscripci\u00f3n<\/strong><\/td><td class=\"column-2\"><\/td><td class=\"column-3\"><strong>Anticipada<br \/>\nHasta el 18\/10\/2024<\/strong><em><\/td><td class=\"column-4\"><strong>Tard\u00eda<br \/>\nDesde el 19\/10\/2024<\/strong><\/em><\/td>\n<\/tr>\n<tr class=\"row-2\">\n\t<td class=\"column-1\">No Miembro SEIB<\/td><td class=\"column-2\">General<\/td><td class=\"column-3\">440\u20ac<\/td><td class=\"column-4\">520\u20ac<\/td>\n<\/tr>\n<tr class=\"row-3\">\n\t<td class=\"column-1\">No Miembro SEIB<\/td><td class=\"column-2\">Estudiante <sup>(a)<\/sup><\/td><td class=\"column-3\">300\u20ac<\/td><td class=\"column-4\">380\u20ac<\/td>\n<\/tr>\n<tr class=\"row-4\">\n\t<td class=\"column-1\">Miembro SEIB <sup>(b)<\/sup><\/td><td class=\"column-2\">General<\/td><td class=\"column-3\">360\u20ac<\/td><td class=\"column-4\">440\u20ac<\/td>\n<\/tr>\n<tr class=\"row-5\">\n\t<td class=\"column-1\">Miembro SEIB <sup>(b)<\/sup><\/td><td class=\"column-2\">Estudiante <sup>(a)<\/sup><\/td><td class=\"column-3\">220\u20ac<\/td><td class=\"column-4\">300\u20ac<\/td>\n<\/tr>\n<tr class=\"row-6\">\n\t<td class=\"column-1\">Comunicaci\u00f3n adicional <sup>(c)<\/sup><\/td><td class=\"column-2\"><\/td><td class=\"column-3\">100\u20ac<\/td><td class=\"column-4\">120\u20ac<\/td>\n<\/tr>\n<\/tbody>\n<\/table>\n<!-- #tablepress-4 from cache -->\n<p><sup>(a)<\/sup> Los estudiantes deber\u00e1n aportar un documento acreditativo de su condici\u00f3n en el momento de formalizar su inscripci\u00f3n<\/p>\n<p><sup>(b)<\/sup>\u00a0Se aplicar\u00e1 a los socios de la SEIB y las Sociedades Cient\u00edficas que tienen convenio con la SEIB:\u00a0<a href=\"https:\/\/seib.org.es\/sobre-la-seib\/convenios-con-otras-sociedades\/\" target=\"_blank\" rel=\"noopener noreferrer\">https:\/\/seib.org.es\/sobre-la-seib\/convenios-con-otras-sociedades\/<\/a><\/p>\n<p><sup>(c)<\/sup> La inscripci\u00f3n da derecho a una sola comunicaci\u00f3n. Cada comunicaci\u00f3n adicional conlleva un incremento de 100\/120 \u20ac en la cuota de inscripci\u00f3n<\/p>\n<p><strong>NOTA<\/strong>: La cuota de inscripci\u00f3n incluye la documentaci\u00f3n, los caf\u00e9s, las comidas, acto de inauguraci\u00f3n y cena de clausura<\/p>\n<p><strong>INSTRUCCIONES<\/strong>:<\/p>\n<p><strong>1) Reg\u00edstrese en la <a href=\"https:\/\/sevilla.congresoseci.com\/caseib2024\/inscripciones\" target=\"_blank\" rel=\"noopener\">Plataforma de Inscripci\u00f3n<\/a> de la Secretar\u00eda T\u00e9cnica (Viajes El Corte Ingl\u00e9s S.A., CIF:\u00a0A-28229813)<\/strong><\/p>\n<p><strong>2) Tras registrarse recibir\u00e1 un e-mail de confirmaci\u00f3n (remitente: mailer@congressus.es) con los datos registrados y un enlace personalizado (cuenta de inscripci\u00f3n) para acceder a la pasarela de pago seguro<\/strong><\/p>\n<p><strong>3) Utilice el enlace personalizado para realizar el pago en dicha plataforma:<\/strong><\/p>\n<ul>\n<li>Por transferencia bancaria:<\/li>\n<\/ul>\n<p style=\"padding-left: 80px;\">Cuenta: SANTANDER ES89 0049 9645 01 3126329034<\/p>\n<p style=\"padding-left: 80px;\">Concepto: (referencia en cuenta de inscripci\u00f3n)<\/p>\n<ul>\n<li>Por tarjeta bancaria:<\/li>\n<\/ul>\n<p style=\"padding-left: 80px;\">Pasarela de pago seguro en plataforma de inscripci\u00f3n<\/p>\n<p><strong>4) Remisi\u00f3n de documentos<\/strong><\/p>\n<ul>\n<li>Justificaci\u00f3n del pago por transferencia:<\/li>\n<\/ul>\n<p style=\"padding-left: 80px;\">Env\u00edo de mensaje\/justificante a la Secretar\u00eda T\u00e9cnica a trav\u00e9s de la plataforma de inscripci\u00f3n<\/p>\n<ul>\n<li>Condici\u00f3n de estudiante<sup>(a)<\/sup>:<\/li>\n<\/ul>\n<p style=\"padding-left: 80px;\">Por correo electr\u00f3nico a la direcci\u00f3n <a href=\"mailto:secretaria@caseib.es\">secretaria@caseib.es<\/a><\/p>\n<ul>\n<li>Condici\u00f3n de socio<sup>(a),(b)<\/sup>:<\/li>\n<\/ul>\n<p style=\"padding-left: 80px;\">SEIB: verificaci\u00f3n por la Secretar\u00eda T\u00e9cnica SEIB (no es necesaria la remisi\u00f3n de documentos)<\/p>\n<p style=\"padding-left: 80px;\">Sociedades Cient\u00edficas conveniadas: enviar justificante a la direcci\u00f3n <a href=\"mailto:secretaria@caseib.es\">secretaria@caseib.es<\/a><\/p>\n","protected":false},"excerpt":{"rendered":"<p>(a) Los estudiantes deber\u00e1n aportar un documento acreditativo de su condici\u00f3n en el momento de formalizar su inscripci\u00f3n (b)\u00a0Se aplicar\u00e1 a los socios de la SEIB y las Sociedades Cient\u00edficas que tienen convenio con la SEIB:\u00a0https:\/\/seib.org.es\/sobre-la-seib\/convenios-con-otras-sociedades\/ (c) La inscripci\u00f3n da derecho a una sola comunicaci\u00f3n. Cada comunicaci\u00f3n adicional conlleva un\u2026<\/p>\n<p> <a class=\"continue-reading-link\" href=\"https:\/\/caseib.es\/2024\/inscripciones\/\"><span>VER MAS<\/span><i class=\"crycon-right-dir\"><\/i><\/a> <\/p>\n","protected":false},"author":7,"featured_media":0,"parent":0,"menu_order":0,"comment_status":"closed","ping_status":"closed","template":"","meta":{"footnotes":""},"class_list":["post-3864","page","type-page","status-publish","hentry"],"_links":{"self":[{"href":"https:\/\/caseib.es\/2024\/wp-json\/wp\/v2\/pages\/3864","targetHints":{"allow":["GET"]}}],"collection":[{"href":"https:\/\/caseib.es\/2024\/wp-json\/wp\/v2\/pages"}],"about":[{"href":"https:\/\/caseib.es\/2024\/wp-json\/wp\/v2\/types\/page"}],"author":[{"embeddable":true,"href":"https:\/\/caseib.es\/2024\/wp-json\/wp\/v2\/users\/7"}],"replies":[{"embeddable":true,"href":"https:\/\/caseib.es\/2024\/wp-json\/wp\/v2\/comments?post=3864"}],"version-history":[{"count":12,"href":"https:\/\/caseib.es\/2024\/wp-json\/wp\/v2\/pages\/3864\/revisions"}],"predecessor-version":[{"id":4263,"href":"https:\/\/caseib.es\/2024\/wp-json\/wp\/v2\/pages\/3864\/revisions\/4263"}],"wp:attachment":[{"href":"https:\/\/caseib.es\/2024\/wp-json\/wp\/v2\/media?parent=3864"}],"curies":[{"name":"wp","href":"https:\/\/api.w.org\/{rel}","templated":true}]}}