{"id":4016,"date":"2023-11-09T02:02:33","date_gmt":"2023-11-09T01:02:33","guid":{"rendered":"https:\/\/caseib.es\/2024\/?page_id=4016"},"modified":"2024-10-04T17:20:20","modified_gmt":"2024-10-04T16:20:20","slug":"mesas-redondas","status":"publish","type":"page","link":"https:\/\/caseib.es\/2024\/mesas-redondas\/","title":{"rendered":"MESAS REDONDAS"},"content":{"rendered":"<p><strong>Mesa Redonda (I) <\/strong><br \/>\n<span style=\"color: #333399;\"><strong>La Ingenier\u00eda Biom\u00e9dica y la Innovaci\u00f3n en\u00a0Tecnolog\u00eda Sanitaria<\/strong><\/span><\/p>\n<p>Jueves 14 de noviembre, 11:00 h &#8211; Sal\u00f3n de Actos<\/p>\n<p><strong>Moderador<\/strong><\/p>\n<ul>\n<li><strong>D. Juan Carlos Antony<\/strong>, Iberia Regional Executive Manager PCS at GE HealthCare, Vicepresidente de la Fundaci\u00f3n Tecnolog\u00eda y Salud de Fenin, Vocal de industria, emprendimiento y transferencia tecnol\u00f3gica en salud de SEIB.<\/li>\n<\/ul>\n<p><strong>Ponentes<\/strong><\/p>\n<ul>\n<li><strong>D. Jos\u00e9 Domingo Sanmart\u00edn Sierra<\/strong>, Jefe del Servicio de Electromedicina del Hospital Universitario Virgen del Roc\u00edo de Sevilla, Secretario General de SEEIC.<\/li>\n<li><strong>Dr. Juan Luis Cruz Berm\u00fadez<\/strong>, Director de Transformaci\u00f3n Digital del Hospital Universitario 12 de Octubre de Madrid.<\/li>\n<li><strong>D\u00aa. Pilar Navarro Mu\u00f1oz<\/strong>, Directora de Innovaci\u00f3n de Fenin.<\/li>\n<\/ul>\n<p>&nbsp;<\/p>\n<p><strong>Mesa Redonda (II) <\/strong><br \/>\n<span style=\"color: #333399;\"><strong>El ingeniero biom\u00e9dico en el hospital del futuro<\/strong><\/span><br \/>\nViernes 15 de noviembre, 11:00 &#8211; Sal\u00f3n de Actos<\/p>\n<p><strong>Moderador<\/strong><strong>\u00a0<\/strong><\/p>\n<ul>\n<li><strong>Dr. Enrique J. G\u00f3mez Aguilera<\/strong>, Catedr\u00e1tico de la UPM y Presidente de SEIB<\/li>\n<\/ul>\n<p><strong>Ponentes<\/strong><\/p>\n<ul>\n<li class=\"x_xmsolistparagraph\"><strong>D. Juan Jos\u00e9 P\u00e9rez Blanco<\/strong>, Presidente de la Comisi\u00f3n de Ingenier\u00eda M\u00e9dica y Sanitaria del COIIM.<\/li>\n<li class=\"x_xmsolistparagraph\"><strong>Dr. Rub\u00e9n P\u00e9rez Ma\u00f1anes<\/strong>, Jefe de Secci\u00f3n del Servicio de Cirug\u00eda Ortop\u00e9dica y Traumatolog\u00eda del Hospital Gregorio Mara\u00f1\u00f3n.<\/li>\n<li class=\"x_xmsolistparagraph\"><strong>Dr. Javier Bl\u00e1zquez S\u00e1nchez<\/strong>, Jefe del Servicio de Radiolog\u00eda del Hospital Ram\u00f3n y Cajal.<\/li>\n<li class=\"x_xmsolistparagraph\"><strong>Dr. Xavier Escayola El\u00edas<\/strong>, Director de Bioingenieria del Hospital Sant Joan de D\u00e8u.<\/li>\n<\/ul>\n","protected":false},"excerpt":{"rendered":"<p>Mesa Redonda (I) La Ingenier\u00eda Biom\u00e9dica y la Innovaci\u00f3n en\u00a0Tecnolog\u00eda Sanitaria Jueves 14 de noviembre, 11:00 h &#8211; Sal\u00f3n de Actos Moderador D. Juan Carlos Antony, Iberia Regional Executive Manager PCS at GE HealthCare, Vicepresidente de la Fundaci\u00f3n Tecnolog\u00eda y Salud de Fenin, Vocal de industria, emprendimiento y transferencia tecnol\u00f3gica\u2026<\/p>\n<p> <a class=\"continue-reading-link\" href=\"https:\/\/caseib.es\/2024\/mesas-redondas\/\"><span>VER MAS<\/span><i class=\"crycon-right-dir\"><\/i><\/a> <\/p>\n","protected":false},"author":7,"featured_media":0,"parent":0,"menu_order":0,"comment_status":"closed","ping_status":"closed","template":"","meta":{"footnotes":""},"class_list":["post-4016","page","type-page","status-publish","hentry"],"_links":{"self":[{"href":"https:\/\/caseib.es\/2024\/wp-json\/wp\/v2\/pages\/4016","targetHints":{"allow":["GET"]}}],"collection":[{"href":"https:\/\/caseib.es\/2024\/wp-json\/wp\/v2\/pages"}],"about":[{"href":"https:\/\/caseib.es\/2024\/wp-json\/wp\/v2\/types\/page"}],"author":[{"embeddable":true,"href":"https:\/\/caseib.es\/2024\/wp-json\/wp\/v2\/users\/7"}],"replies":[{"embeddable":true,"href":"https:\/\/caseib.es\/2024\/wp-json\/wp\/v2\/comments?post=4016"}],"version-history":[{"count":13,"href":"https:\/\/caseib.es\/2024\/wp-json\/wp\/v2\/pages\/4016\/revisions"}],"predecessor-version":[{"id":4283,"href":"https:\/\/caseib.es\/2024\/wp-json\/wp\/v2\/pages\/4016\/revisions\/4283"}],"wp:attachment":[{"href":"https:\/\/caseib.es\/2024\/wp-json\/wp\/v2\/media?parent=4016"}],"curies":[{"name":"wp","href":"https:\/\/api.w.org\/{rel}","templated":true}]}}