{"id":4224,"date":"2024-07-18T12:27:30","date_gmt":"2024-07-18T11:27:30","guid":{"rendered":"https:\/\/caseib.es\/2024\/?page_id=4224"},"modified":"2024-10-24T10:50:52","modified_gmt":"2024-10-24T09:50:52","slug":"sesion-especial-modelos-computacionales-experimentales-y-de-analisis-de-imagen-y-senal-en-ingenieria-cardiovascular","status":"publish","type":"page","link":"https:\/\/caseib.es\/2024\/sesion-especial-modelos-computacionales-experimentales-y-de-analisis-de-imagen-y-senal-en-ingenieria-cardiovascular\/","title":{"rendered":"SESI\u00d3N ESPECIAL MODELOS COMPUTACIONALES, EXPERIMENTALES Y DE AN\u00c1LISIS DE IMAGEN Y SE\u00d1AL EN INGENIER\u00cdA CARDIOVASCULAR"},"content":{"rendered":"<p><strong>ORGANIZADORES<\/strong><\/p>\n<p>Eduardo Soudah Prieto, International Centre for Numerical Methods in Engineering, <a href=\"mailto:esoudah@cimne.upc.edu\">esoudah@cimne.upc.edu<\/a><br \/>\nJose Benito Sierra Pallares, Universidad de Valladolid, <a href=\"mailto:jsierra@uva.es\">jsierra@uva.es<\/a><br \/>\nJean Ren\u00e9 Bragard Monier, Universidad de Navarra, <a href=\"mailto:jbragard@unav.es\">jbragard@unav.es<\/a><br \/>\nBlas Echebarria Dom\u00ednguez, Universitat Polit\u00e8cnica de Catalunya, <a href=\"mailto:blas.echebarria@upc.edu\">blas.echebarria@upc.edu<\/a><br \/>\nMiguel Rodrigo Bort, Universitat de Val\u00e8ncia, <a href=\"mailto:miguel.rodrigo@uv.es\">miguel.rodrigo@uv.es<\/a><\/p>\n<p>A nivel internacional, existe un creciente inter\u00e9s en la implantaci\u00f3n de los modelos computacionales cardiovasculares como herramientas que ayuden en la toma de decisiones a los profesionales cl\u00ednicos, las empresas de tecnolog\u00eda m\u00e9dica y los reguladores. Tradicionalmente, los estudios en animales y los ensayos cl\u00ednicos han sido las principales fuentes de evidencia\/validaci\u00f3n para comercializar dispositivos m\u00e9dicos. Sin embargo, en los \u00faltimos a\u00f1os, el modelado computacional se ha convertido en una herramienta cada vez m\u00e1s poderosa para evaluar dispositivos m\u00e9dicos, complementando los m\u00e9todos cl\u00ednicos y en animales. El objetivo de estos modelos computacionales es, por una parte, identificar nuevas dianas terap\u00e9uticas y m\u00e9todos de diagn\u00f3stico avanzado que permitan mejorar las terapias de los pacientes con enfermedades cardiovasculares. Por otra parte, estos modelos computacionales sirven tambi\u00e9n para estudiar y validar hip\u00f3tesis y mecanismos de actuaci\u00f3n de enfermedades y tratamientos que dif\u00edcilmente se pueden llevar a cabo de forma experimental o cl\u00ednica.<\/p>\n<p><strong>PROGRAMA<\/strong><\/p>\n<ul>\n<li>Seminario Red VHeart:\n<ul>\n<li>Mi\u00e9rcoles 13 de noviembre, 15:00-16:30 h<\/li>\n<li>Ponencias invitadas:\n<ul>\n<li>Credibilidad de modelos electrofisiol\u00f3gicos card\u00edacos. Proceso de verificaci\u00f3n y validaci\u00f3n. Ponente: Beatriz Trenor, Centro de Investigaci\u00f3n e Innovaci\u00f3n en Bioingenier\u00eda, Universitat Polit\u00e8cnica de Val\u00e8ncia<\/li>\n<li>Aplicaci\u00f3n cl\u00ednica de la planificaci\u00f3n avanzada e impresi\u00f3n 3D en cardiolog\u00eda. Ponente: C\u00e9sar Acebes Pinilla, Hospital de la Santa Creu i Sant Pau<\/li>\n<li>A computational approach to fetal cardiology: haemodynamical models and deployment to the clinical centers. Ponente: Gabriel Bernandino, Universitat Pompeu Fabra<\/li>\n<li>Humanos Virtuales Card\u00edacos basados en Supercomputaci\u00f3n: El futuro de la medicina AHORA. Ponente: Mariano V\u00e1zquez, ELEM Biotech &amp; Centro Nacional de Supercomputaci\u00f3n<\/li>\n<\/ul>\n<\/li>\n<li>Mi\u00e9rcoles 13 de noviembre, 16:30-18:00 h<\/li>\n<li>Mesa redonda<\/li>\n<li>Moderador: Miguel Rodrigo Bort, Universitat de Val\u00e8ncia<\/li>\n<\/ul>\n<\/li>\n<li>Sesiones cient\u00edficas compartidas con CASEIB 2024\n<ul>\n<li>Jueves 14 de noviembre, 9:00-10:30 h\n<ul>\n<li>Javier Barrios, et al., \u201cEfecto de la direcci\u00f3n de fibras y heterogeneidades i\u00f3nicas en la presencia y localizaci\u00f3n de drivers auriculares\u201d, Universitat de Val\u00e8ncia<\/li>\n<li>Leire Moriones, et al., \u201cPar\u00e1metros de Velocidades de Conducci\u00f3n como Biomarcadores de Fibrilaci\u00f3n Auricular, Universidad de Navarra<\/li>\n<li>Giada Sira, et al., \u201cAsignaci\u00f3n de direcci\u00f3n de fibra y tipo celular en anatom\u00edas auriculares personalizadas mediante coordenadas baric\u00e9ntricas,\u201d Universitat de Val\u00e8ncia<\/li>\n<li>Joaqu\u00edn Anatol, et al., \u201cA new pulsatile flow pump for extracorporeal circulatory support,\u201d Universidad de Valladolid<\/li>\n<li>Irene Aland\u00ed, et al., \u201cDesarrollo de modelos in-silico para el estudio de arritmias auriculares y el impacto de las t\u00e9cnicas de ablaci\u00f3n,\u201d Universitat Polit\u00e8cnica de Val\u00e8ncia<\/li>\n<li>Marco Chen Bai, et al., \u201cPersonalizaci\u00f3n de modelos auriculares electrofisiol\u00f3gicos mediante aprendizaje m\u00e1quina,\u201d Universitat de Val\u00e8ncia<\/li>\n<\/ul>\n<\/li>\n<li>Jueves 14 de noviembre, 16:30-18:00 h\n<ul>\n<li>Ra\u00fal G\u00f3mez, et al. \u201cAlgoritmo de an\u00e1lisis de grafos para identificar regiones proarr\u00edtmicas auriculares mediante an\u00e1lisis anat\u00f3mico,\u201d Universitat de Val\u00e8ncia<\/li>\n<li>Sandra P\u00e9rez-Herrero, et al., \u201cEstudio in silico de la influencia de la conductividad de los distintos \u00f3rganos del torso sobre las derivaciones electrocardiogr\u00e1ficas,\u201d Universitat Polit\u00e8cnica de Val\u00e8ncia<\/li>\n<li>Luc\u00eda Ronda, et al. \u201cComplejidad del Bucle: Una Nueva M\u00e9trica para la Caracterizaci\u00f3n del Sustrato Electrofisiol\u00f3gico,\u201d Universitat Polit\u00e8cnica de Val\u00e8ncia<\/li>\n<li>Luc\u00eda Priego, et al. \u201cAn\u00e1lisis de la influencia electromec\u00e1nica en la predicci\u00f3n del riesgo arritmog\u00e9nico inducido por f\u00e1rmacos,\u201d Universitat Polit\u00e8cnica de Val\u00e8ncia<\/li>\n<li>Duna de Luis Moura, \u201cEstimaci\u00f3n de la frecuencia de activaci\u00f3n durante fibrilaci\u00f3n auricular en se\u00f1ales intracardiacas y no-invasivas mediante m\u00e9todos de correlaci\u00f3n,\u201d Universitat de Val\u00e8ncia<\/li>\n<\/ul>\n<\/li>\n<\/ul>\n<\/li>\n<\/ul>\n","protected":false},"excerpt":{"rendered":"<p>ORGANIZADORES Eduardo Soudah Prieto, International Centre for Numerical Methods in Engineering, esoudah@cimne.upc.edu Jose Benito Sierra Pallares, Universidad de Valladolid, jsierra@uva.es Jean Ren\u00e9 Bragard Monier, Universidad de Navarra, jbragard@unav.es Blas Echebarria Dom\u00ednguez, Universitat Polit\u00e8cnica de Catalunya, blas.echebarria@upc.edu Miguel Rodrigo Bort, Universitat de Val\u00e8ncia, miguel.rodrigo@uv.es A nivel internacional, existe un creciente inter\u00e9s\u2026<\/p>\n<p> <a class=\"continue-reading-link\" href=\"https:\/\/caseib.es\/2024\/sesion-especial-modelos-computacionales-experimentales-y-de-analisis-de-imagen-y-senal-en-ingenieria-cardiovascular\/\"><span>VER MAS<\/span><i class=\"crycon-right-dir\"><\/i><\/a> <\/p>\n","protected":false},"author":8,"featured_media":0,"parent":0,"menu_order":0,"comment_status":"closed","ping_status":"closed","template":"","meta":{"footnotes":""},"class_list":["post-4224","page","type-page","status-publish","hentry"],"_links":{"self":[{"href":"https:\/\/caseib.es\/2024\/wp-json\/wp\/v2\/pages\/4224","targetHints":{"allow":["GET"]}}],"collection":[{"href":"https:\/\/caseib.es\/2024\/wp-json\/wp\/v2\/pages"}],"about":[{"href":"https:\/\/caseib.es\/2024\/wp-json\/wp\/v2\/types\/page"}],"author":[{"embeddable":true,"href":"https:\/\/caseib.es\/2024\/wp-json\/wp\/v2\/users\/8"}],"replies":[{"embeddable":true,"href":"https:\/\/caseib.es\/2024\/wp-json\/wp\/v2\/comments?post=4224"}],"version-history":[{"count":6,"href":"https:\/\/caseib.es\/2024\/wp-json\/wp\/v2\/pages\/4224\/revisions"}],"predecessor-version":[{"id":4317,"href":"https:\/\/caseib.es\/2024\/wp-json\/wp\/v2\/pages\/4224\/revisions\/4317"}],"wp:attachment":[{"href":"https:\/\/caseib.es\/2024\/wp-json\/wp\/v2\/media?parent=4224"}],"curies":[{"name":"wp","href":"https:\/\/api.w.org\/{rel}","templated":true}]}}