{"id":4363,"date":"2024-11-10T12:56:08","date_gmt":"2024-11-10T11:56:08","guid":{"rendered":"https:\/\/caseib.es\/2024\/?page_id=4363"},"modified":"2024-11-10T12:56:08","modified_gmt":"2024-11-10T11:56:08","slug":"conferencia-de-clausura","status":"publish","type":"page","link":"https:\/\/caseib.es\/2024\/conferencia-de-clausura\/","title":{"rendered":"Conferencia de Clausura"},"content":{"rendered":"<p><strong>I Estrategia de Salud Digital de Andaluc\u00eda<\/strong><\/p>\n<p>Jueves 14 de noviembre, 12:00 &#8211; Sal\u00f3n de Actos<\/p>\n<p><strong>Ismael Mu\u00f1oz Mart\u00ednez, MD<\/strong><\/p>\n<p>&nbsp;<\/p>\n<p><img decoding=\"async\" class=\"aligncenter\" src=\"https:\/\/www.juntadeandalucia.es\/sites\/default\/files\/2024-09\/Ismael-Mu%C3%B1oz-Mart%C3%ADnez.jpg\" \/><\/p>\n<p>Secretario General de Planificaci\u00f3n Asistencial y Consumo, Consejer\u00eda de Salud y Consumo, Junta de Andaluc\u00eda<\/p>\n<p>Licenciado en Medicina y Cirug\u00eda General por la Universidad de Sevilla y especialista en Medicina Familiar y Comunitaria. Adem\u00e1s, tiene el diploma de Especializaci\u00f3n en Gesti\u00f3n Sanitaria de la Escuela de Salud P\u00fablica y la Universidad de Granada; y ha realizado el M\u00e1ster en Emergencias Extrahospitalarias: Atenci\u00f3n Integral por Procesos Asistencial, organizado por la Fundaci\u00f3n Progreso y Salud, L\u00ednea IAVANTE, Universidad de C\u00e1diz y la Empresa P\u00fablica de Emergencias Sanitarias 061. Hasta su nombramiento como secretario general ha desempe\u00f1ado desde 2021 la direcci\u00f3n de Salud del Distrito Sanitario Aljarafe y Sevilla Norte. Previamente fue el responsable de la Unidad de Gesti\u00f3n Cl\u00ednica Urgencias de Sevilla Norte, m\u00e9dico de la Unidad M\u00f3vil del Dispositivo de Cuidados Cr\u00edticos y Urgencias, y m\u00e9dico de Atenci\u00f3n Primaria en ese mismo distrito.<\/p>\n","protected":false},"excerpt":{"rendered":"<p>I Estrategia de Salud Digital de Andaluc\u00eda Jueves 14 de noviembre, 12:00 &#8211; Sal\u00f3n de Actos Ismael Mu\u00f1oz Mart\u00ednez, MD &nbsp; Secretario General de Planificaci\u00f3n Asistencial y Consumo, Consejer\u00eda de Salud y Consumo, Junta de Andaluc\u00eda Licenciado en Medicina y Cirug\u00eda General por la Universidad de Sevilla y especialista en\u2026<\/p>\n<p> <a class=\"continue-reading-link\" href=\"https:\/\/caseib.es\/2024\/conferencia-de-clausura\/\"><span>VER MAS<\/span><i class=\"crycon-right-dir\"><\/i><\/a> <\/p>\n","protected":false},"author":8,"featured_media":0,"parent":0,"menu_order":0,"comment_status":"closed","ping_status":"closed","template":"","meta":{"footnotes":""},"class_list":["post-4363","page","type-page","status-publish","hentry"],"_links":{"self":[{"href":"https:\/\/caseib.es\/2024\/wp-json\/wp\/v2\/pages\/4363","targetHints":{"allow":["GET"]}}],"collection":[{"href":"https:\/\/caseib.es\/2024\/wp-json\/wp\/v2\/pages"}],"about":[{"href":"https:\/\/caseib.es\/2024\/wp-json\/wp\/v2\/types\/page"}],"author":[{"embeddable":true,"href":"https:\/\/caseib.es\/2024\/wp-json\/wp\/v2\/users\/8"}],"replies":[{"embeddable":true,"href":"https:\/\/caseib.es\/2024\/wp-json\/wp\/v2\/comments?post=4363"}],"version-history":[{"count":2,"href":"https:\/\/caseib.es\/2024\/wp-json\/wp\/v2\/pages\/4363\/revisions"}],"predecessor-version":[{"id":4365,"href":"https:\/\/caseib.es\/2024\/wp-json\/wp\/v2\/pages\/4363\/revisions\/4365"}],"wp:attachment":[{"href":"https:\/\/caseib.es\/2024\/wp-json\/wp\/v2\/media?parent=4363"}],"curies":[{"name":"wp","href":"https:\/\/api.w.org\/{rel}","templated":true}]}}