{"id":4698,"date":"2025-04-30T10:36:31","date_gmt":"2025-04-30T09:36:31","guid":{"rendered":"https:\/\/caseib.es\/2025\/?page_id=4698"},"modified":"2025-04-30T10:36:31","modified_gmt":"2025-04-30T09:36:31","slug":"comite-organizador","status":"publish","type":"page","link":"https:\/\/caseib.es\/2025\/comite-organizador\/","title":{"rendered":"COMIT\u00c9 ORGANIZADOR"},"content":{"rendered":"<p><strong>Presidente<\/strong><\/p>\n<ul>\n<li>Juan Pablo Mart\u00ednez Cort\u00e9s<\/li>\n<\/ul>\n<p><strong>Secretario del Comit\u00e9 Organizador<\/strong><\/p>\n<ul>\n<li>Jes\u00fas L\u00e1zaro Plaza<\/li>\n<\/ul>\n<p><strong>Secretario del Comit\u00e9 Cient\u00edfico<\/strong><\/p>\n<ul>\n<li>Pablo Laguna Lasaosa<\/li>\n<\/ul>\n<p><strong>Vocales<\/strong><\/p>\n<ul>\n<li>David Hernando Jumilla<\/li>\n<li>Raquel Bail\u00f3n Luesma<\/li>\n<li>Eduardo Gil Herrando<\/li>\n<li>Esther Pueyo Paules<\/li>\n<li>Laura Ordov\u00e1s Vidal<\/li>\n<li>Carlos S\u00e1nchez Tapia<\/li>\n<li>Ana Minchol\u00e9 Lapuente<\/li>\n<li>Julia Ram\u00edrez Garc\u00eda<\/li>\n<li>Jaime Ib\u00e1\u00f1ez Pereda<\/li>\n<li>Alba Mart\u00edn Yebra<\/li>\n<li>Aida Oliv\u00e1n Viguera<\/li>\n<li>Alejandro Pascual Valdunciel<\/li>\n<li>Diego Cajal Orleans<\/li>\n<li>Laura Garc\u00eda Mend\u00edvil<\/li>\n<li>Maikel Noriega Alem\u00e1n<\/li>\n<li>Pablo Arma\u00f1ac Juli\u00e1n<\/li>\n<li>Sofia Romagnoli<\/li>\n<li>Rodrigo Lozano Pu\u00f1et<\/li>\n<li>Dorselia Mart\u00ednez Mart\u00ednez<\/li>\n<li>Mamen Bosqued Sobreviela<\/li>\n<\/ul>\n","protected":false},"excerpt":{"rendered":"<p>Presidente Juan Pablo Mart\u00ednez Cort\u00e9s Secretario del Comit\u00e9 Organizador Jes\u00fas L\u00e1zaro Plaza Secretario del Comit\u00e9 Cient\u00edfico Pablo Laguna Lasaosa Vocales David Hernando Jumilla Raquel Bail\u00f3n Luesma Eduardo Gil Herrando Esther Pueyo Paules Laura Ordov\u00e1s Vidal Carlos S\u00e1nchez Tapia Ana Minchol\u00e9 Lapuente Julia Ram\u00edrez Garc\u00eda Jaime Ib\u00e1\u00f1ez Pereda Alba Mart\u00edn Yebra\u2026<\/p>\n<p> <a class=\"continue-reading-link\" href=\"https:\/\/caseib.es\/2025\/comite-organizador\/\"><span>VER MAS<\/span><i class=\"crycon-right-dir\"><\/i><\/a> <\/p>\n","protected":false},"author":13,"featured_media":0,"parent":0,"menu_order":0,"comment_status":"closed","ping_status":"closed","template":"","meta":{"footnotes":""},"class_list":["post-4698","page","type-page","status-publish","hentry"],"_links":{"self":[{"href":"https:\/\/caseib.es\/2025\/wp-json\/wp\/v2\/pages\/4698","targetHints":{"allow":["GET"]}}],"collection":[{"href":"https:\/\/caseib.es\/2025\/wp-json\/wp\/v2\/pages"}],"about":[{"href":"https:\/\/caseib.es\/2025\/wp-json\/wp\/v2\/types\/page"}],"author":[{"embeddable":true,"href":"https:\/\/caseib.es\/2025\/wp-json\/wp\/v2\/users\/13"}],"replies":[{"embeddable":true,"href":"https:\/\/caseib.es\/2025\/wp-json\/wp\/v2\/comments?post=4698"}],"version-history":[{"count":1,"href":"https:\/\/caseib.es\/2025\/wp-json\/wp\/v2\/pages\/4698\/revisions"}],"predecessor-version":[{"id":4699,"href":"https:\/\/caseib.es\/2025\/wp-json\/wp\/v2\/pages\/4698\/revisions\/4699"}],"wp:attachment":[{"href":"https:\/\/caseib.es\/2025\/wp-json\/wp\/v2\/media?parent=4698"}],"curies":[{"name":"wp","href":"https:\/\/api.w.org\/{rel}","templated":true}]}}