{"id":4704,"date":"2025-04-30T14:28:02","date_gmt":"2025-04-30T13:28:02","guid":{"rendered":"https:\/\/caseib.es\/2025\/?page_id=4704"},"modified":"2025-05-22T16:27:24","modified_gmt":"2025-05-22T15:27:24","slug":"estudiantes","status":"publish","type":"page","link":"https:\/\/caseib.es\/2025\/estudiantes\/","title":{"rendered":"ESTUDIANTES"},"content":{"rendered":"<p data-start=\"399\" data-end=\"605\">El congreso acoge y promueve activamente la participaci\u00f3n de estudiantes de todos los niveles relacionados con la Ingenier\u00eda Biom\u00e9dica, ofreciendo diferentes v\u00edas de contribuci\u00f3n y reconocimiento acad\u00e9mico.<\/p>\n<h3 data-start=\"607\" data-end=\"631\">ESTUDIANTES DE GRADO DE INGENIER\u00cdA BIOM\u00c9DICA<\/h3>\n<p data-start=\"632\" data-end=\"728\">Los estudiantes de <strong>Grado en<\/strong> <strong>Ingenier\u00eda Biom\u00e9dica<\/strong> tienen una doble v\u00eda de participaci\u00f3n:<\/p>\n<ul data-start=\"729\" data-end=\"1108\">\n<li data-start=\"729\" data-end=\"870\">\n<p data-start=\"731\" data-end=\"870\"><a href=\"https:\/\/caseib.es\/2025\/premios-seib-fenin\/\"><strong data-start=\"731\" data-end=\"753\">Premios SEIB-FENIN<\/strong><\/a>: Una competici\u00f3n dirigida a trabajos seleccionados por las universidades, que ser\u00e1n presentados durante el congreso.<\/p>\n<\/li>\n<li data-start=\"871\" data-end=\"1108\">\n<p data-start=\"873\" data-end=\"1108\"><strong data-start=\"873\" data-end=\"900\">Contribuciones abiertas<\/strong>: Tambi\u00e9n se aceptan contribuciones de estudiantes de grado que no participen en los premios SEIB-FENIN. Estas contribuciones formar\u00e1n parte del programa cient\u00edfico del congreso. Durante el proceso de subida en la plataforma, ser\u00e1 necesario seleccionar la modalidad correspondiente: &#8216;Trabajos de Estudiantes de Grado en Ingenier\u00eda Biom\u00e9dica&#8217;.<\/p>\n<\/li>\n<\/ul>\n<h3 data-start=\"1110\" data-end=\"1147\">ESTUDIANTES DE M\u00c1STER Y DOCTORADO<\/h3>\n<p data-start=\"1148\" data-end=\"1366\">Los estudiantes de m\u00e1ster y doctorado pueden optar al <a href=\"https:\/\/caseib.es\/2025\/premio-jose-maria-ferrero-corral\/\"><strong data-start=\"1202\" data-end=\"1231\">Premio Jos\u00e9 Mar\u00eda Ferrero Corral<\/strong><\/a>, una convocatoria abierta para reconocer las mejores contribuciones cient\u00edficas presentadas en el congreso por j\u00f3venes investigadores. Los candidatos <strong>deben tener formalizada su pertenencia a la SEIB.<\/strong> Se podr\u00e1 seleccionar esta modalidad durante el proceso de env\u00edo de trabajos.<\/p>\n<h3 data-start=\"1368\" data-end=\"1384\">PREMIOS SEIB<\/h3>\n<p data-start=\"1385\" data-end=\"1725\">Durante el congreso tambi\u00e9n se har\u00e1 entrega de los <a href=\"https:\/\/caseib.es\/2025\/premios-seib\/\"><strong>Premio SEIB a la mejor Tesis Doctoral en 2024 y Premio SEIB al mejor art\u00edculo cient\u00edfico publicado en 2024 por j\u00f3venes investigadores<\/strong><\/a>.<\/p>\n<hr data-start=\"1727\" data-end=\"1730\" \/>\n<p data-start=\"1732\" data-end=\"1882\">Para conocer los requisitos de env\u00edo y las normas de participaci\u00f3n, puedes consultar la secci\u00f3n <a href=\"https:\/\/caseib.es\/2025\/envio-de-trabajos\/\">Env\u00edo de trabajos<\/a>.<\/p>\n","protected":false},"excerpt":{"rendered":"<p>El congreso acoge y promueve activamente la participaci\u00f3n de estudiantes de todos los niveles relacionados con la Ingenier\u00eda Biom\u00e9dica, ofreciendo diferentes v\u00edas de contribuci\u00f3n y reconocimiento acad\u00e9mico. ESTUDIANTES DE GRADO DE INGENIER\u00cdA BIOM\u00c9DICA Los estudiantes de Grado en Ingenier\u00eda Biom\u00e9dica tienen una doble v\u00eda de participaci\u00f3n: Premios SEIB-FENIN: Una competici\u00f3n\u2026<\/p>\n<p> <a class=\"continue-reading-link\" href=\"https:\/\/caseib.es\/2025\/estudiantes\/\"><span>VER MAS<\/span><i class=\"crycon-right-dir\"><\/i><\/a> <\/p>\n","protected":false},"author":13,"featured_media":0,"parent":0,"menu_order":0,"comment_status":"closed","ping_status":"closed","template":"","meta":{"footnotes":""},"class_list":["post-4704","page","type-page","status-publish","hentry"],"_links":{"self":[{"href":"https:\/\/caseib.es\/2025\/wp-json\/wp\/v2\/pages\/4704","targetHints":{"allow":["GET"]}}],"collection":[{"href":"https:\/\/caseib.es\/2025\/wp-json\/wp\/v2\/pages"}],"about":[{"href":"https:\/\/caseib.es\/2025\/wp-json\/wp\/v2\/types\/page"}],"author":[{"embeddable":true,"href":"https:\/\/caseib.es\/2025\/wp-json\/wp\/v2\/users\/13"}],"replies":[{"embeddable":true,"href":"https:\/\/caseib.es\/2025\/wp-json\/wp\/v2\/comments?post=4704"}],"version-history":[{"count":5,"href":"https:\/\/caseib.es\/2025\/wp-json\/wp\/v2\/pages\/4704\/revisions"}],"predecessor-version":[{"id":4738,"href":"https:\/\/caseib.es\/2025\/wp-json\/wp\/v2\/pages\/4704\/revisions\/4738"}],"wp:attachment":[{"href":"https:\/\/caseib.es\/2025\/wp-json\/wp\/v2\/media?parent=4704"}],"curies":[{"name":"wp","href":"https:\/\/api.w.org\/{rel}","templated":true}]}}