{"id":4706,"date":"2025-04-30T14:32:15","date_gmt":"2025-04-30T13:32:15","guid":{"rendered":"https:\/\/caseib.es\/2025\/?page_id=4706"},"modified":"2025-11-06T17:16:41","modified_gmt":"2025-11-06T16:16:41","slug":"premio-jose-maria-ferrero-corral","status":"publish","type":"page","link":"https:\/\/caseib.es\/2025\/premio-jose-maria-ferrero-corral\/","title":{"rendered":"PREMIO JOS\u00c9 MAR\u00cdA FERRERO CORRAL"},"content":{"rendered":"<p><strong>MOTIVACI\u00d3N<\/strong><br \/>\nLa SEIB, con el apoyo del comit\u00e9 local del CASEIB, organiza una <strong>Competici\u00f3n de Comunicaciones de Estudiantes de M\u00e1ster y Doctorado<\/strong>. De entre todos los trabajos presentados a concurso, ser\u00e1n seleccionados seis finalistas por los miembros del Comit\u00e9 Cient\u00edfico para su exposici\u00f3n oral en la final del Concurso, que tendr\u00e1 lugar en una sesi\u00f3n de car\u00e1cter plenario del CASEIB 2025.<\/p>\n<p>Atendiendo a la calidad del trabajo y de la exposici\u00f3n del mismo, el Jurado elegir\u00e1 los tres mejores, que ser\u00e1n dotados con una gratificaci\u00f3n econ\u00f3mica (Primer premio: 1200 \u20ac, Segundo premio: 800 \u20ac y Tercer premio: 400 \u20ac). Asimismo, se entregar\u00e1n certificados a los finalistas y premiados.<\/p>\n<p>La entrega de premios tendr\u00e1 lugar en el transcurso del acto de clausura del congreso.<\/p>\n<p><strong>JURADO<\/strong><\/p>\n<p>Los miembros del jurado designados para la sesi\u00f3n de finalistas de los premios, que tendr\u00e1 lugar el jueves 20 de noviembre, entre las 11:45\u00a0 y las 13:15 h, son:<\/p>\n<ul>\n<li>Prof. Enrique G\u00f3mez, Universidad Polit\u00e9cnica de Madrid.<\/li>\n<li>Prof\u00aa. Gema Prats, Universitat Polit\u00e8cnica de Val\u00e8ncia.<\/li>\n<li>Prof. Javier Reina, Universidad de Sevilla.<\/li>\n<\/ul>\n<p><strong>FINALISTAS<\/strong><\/p>\n<ul>\n<li>\u00c1ngela Hern\u00e1ndez, et al. \u201cEfecto del sexo y la menopausia sobre patrones electrocardiogr\u00e1ficos de repolarizaci\u00f3n ventricular\u201d. Universidad de Zaragoza.<\/li>\n<li>Sara Entenza Garmendia et al. \u201cBalistocardiograf\u00eda para la estimaci\u00f3n del gasto card\u00edaco: hacia una monitorizaci\u00f3n no-invasiva en emergencias m\u00e9dicas\u201d. Universidad del Pa\u00eds Vasco &#8211; Euskal Herriko Unibersitatea.<\/li>\n<li>M\u00e1ximo Dom\u00ednguez Guerrero, et al. \u201cInfluencia del periodo de telemonitorizaci\u00f3n inicial en la predicci\u00f3n de la adherencia al tratamiento en pacientes con apnea obstructiva del sue\u00f1o\u201d. Universidad de Valladolid.<\/li>\n<li>Ang\u00e9lica Casero Baeza, et al. \u201cModelling of the deformation of leaflets in the mitral valve with and without MitraClip implantation\u201d. Universidad Polit\u00e9cnica de Madrid.<\/li>\n<li>Ana Mart\u00edn-Fern\u00e1ndez, et al. \u201cNeuroBot: dise\u00f1o y validaci\u00f3n de un sistema brain-computer interface para el control de un robot con programaci\u00f3n en Scratch\u201d. Universidad de Valladolid.<\/li>\n<li>Ana Gonz\u00e1lez Aranda, et al. \u201cSistema de Realidad Aumentada para el Entrenamiento de Parto Natural con el uso de Maniqu\u00eds Obst\u00e9tricos Realistas\u201d. Universidad Carlos III de Madrid.<\/li>\n<\/ul>\n<p><strong>REQUISITOS DE LOS ASPIRANTES<\/strong><\/p>\n<ol>\n<li>Los candidatos <strong>deben tener formalizada su pertenencia a la SEIB<\/strong> como miembros estudiantes <strong>antes<\/strong> de solicitar su participaci\u00f3n en el concurso. Se rechazar\u00e1n todas aquellas candidaturas donde no se certifique su pertenencia a la SEIB.<\/li>\n<li>Los solicitantes <strong>no podr\u00e1n poseer el grado de doctor<\/strong> con antelaci\u00f3n a la fecha de finalizaci\u00f3n del congreso.<\/li>\n<li>Los candidatos <strong>deber\u00e1n tener la condici\u00f3n de primer firmante de una comunicaci\u00f3n enviada bajo la modalidad de art\u00edculo, aceptada para exposici\u00f3n oral en el congreso, y asumir el compromiso de presentarlo<\/strong> en el mismo.<\/li>\n<li>Para poder hacer efectivo el importe de los premios, los candidatos seleccionados deber\u00e1n enviar a la Tesorer\u00eda de la SEIB: justificante de su condici\u00f3n de socio estudiante de la SEIB (con fecha anterior a la solicitud del concurso) y cuenta bancaria para efectuar el ingreso.<\/li>\n<\/ol>\n<p>Para los trabajos que deseen participar en el Premio Jos\u00e9 Mar\u00eda Ferrero Corral y cumplan los requisitos anteriores, se puede seleccionar el tema \u00abPremio Jos\u00e9 Mar\u00eda Ferrero Corral\u00bb en el proceso de env\u00edo, adem\u00e1s de las \u00e1reas tem\u00e1ticas en que se encuadra. Se les solicitar\u00e1 certificado de ser socio de la SEIB en este proceso de env\u00edo.<\/p>\n","protected":false},"excerpt":{"rendered":"<p>MOTIVACI\u00d3N La SEIB, con el apoyo del comit\u00e9 local del CASEIB, organiza una Competici\u00f3n de Comunicaciones de Estudiantes de M\u00e1ster y Doctorado. De entre todos los trabajos presentados a concurso, ser\u00e1n seleccionados seis finalistas por los miembros del Comit\u00e9 Cient\u00edfico para su exposici\u00f3n oral en la final del Concurso, que\u2026<\/p>\n<p> <a class=\"continue-reading-link\" href=\"https:\/\/caseib.es\/2025\/premio-jose-maria-ferrero-corral\/\"><span>VER MAS<\/span><i class=\"crycon-right-dir\"><\/i><\/a> <\/p>\n","protected":false},"author":13,"featured_media":0,"parent":0,"menu_order":0,"comment_status":"closed","ping_status":"closed","template":"","meta":{"footnotes":""},"class_list":["post-4706","page","type-page","status-publish","hentry"],"_links":{"self":[{"href":"https:\/\/caseib.es\/2025\/wp-json\/wp\/v2\/pages\/4706","targetHints":{"allow":["GET"]}}],"collection":[{"href":"https:\/\/caseib.es\/2025\/wp-json\/wp\/v2\/pages"}],"about":[{"href":"https:\/\/caseib.es\/2025\/wp-json\/wp\/v2\/types\/page"}],"author":[{"embeddable":true,"href":"https:\/\/caseib.es\/2025\/wp-json\/wp\/v2\/users\/13"}],"replies":[{"embeddable":true,"href":"https:\/\/caseib.es\/2025\/wp-json\/wp\/v2\/comments?post=4706"}],"version-history":[{"count":3,"href":"https:\/\/caseib.es\/2025\/wp-json\/wp\/v2\/pages\/4706\/revisions"}],"predecessor-version":[{"id":4885,"href":"https:\/\/caseib.es\/2025\/wp-json\/wp\/v2\/pages\/4706\/revisions\/4885"}],"wp:attachment":[{"href":"https:\/\/caseib.es\/2025\/wp-json\/wp\/v2\/media?parent=4706"}],"curies":[{"name":"wp","href":"https:\/\/api.w.org\/{rel}","templated":true}]}}