{"id":4710,"date":"2025-04-30T14:44:19","date_gmt":"2025-04-30T13:44:19","guid":{"rendered":"https:\/\/caseib.es\/2025\/?page_id=4710"},"modified":"2025-06-27T11:15:59","modified_gmt":"2025-06-27T10:15:59","slug":"premios-seib","status":"publish","type":"page","link":"https:\/\/caseib.es\/2025\/premios-seib\/","title":{"rendered":"PREMIOS SEIB"},"content":{"rendered":"<p>&nbsp;<\/p>\n<p>Con el objetivo de reconocer y poner en valor la trayectoria de los j\u00f3venes investigadores socios de la SEIB en las diferentes \u00e1reas de la Ingenier\u00eda Biom\u00e9dica, se convoca la <strong>tercera edici\u00f3n<\/strong> de dos Premios:\u00a0<strong>Premio SEIB a la mejor Tesis Doctoral en 2024 y Premio SEIB al mejor art\u00edculo cient\u00edfico publicado en 2024 por j\u00f3venes investigadores<\/strong>.<br \/>\nA continuaci\u00f3n, se detallan las bases de estos premios, c\u00f3mo participar y las fechas de env\u00edo de la documentaci\u00f3n solicitada.<\/p>\n<p>&nbsp;<\/p>\n<h2><strong>Premio SEIB a la mejor Tesis Doctoral en 2024<\/strong><\/h2>\n<div>\n<p>SEIB convoca el Premio a la Mejor Tesis Doctoral con la finalidad de reconocer y estimular la investigaci\u00f3n desarrollada en el \u00e1rea de la Ingenier\u00eda Biom\u00e9dica por estudiantes de Doctorado miembros de SEIB, que hayan defendido su Tesis Doctoral durante el a\u00f1o 2024.<\/p>\n<p>La entrega del premio se realizar\u00e1 durante el XLIII Congreso Anual de la Sociedad Espa\u00f1ola de Ingenier\u00eda Biom\u00e9dica (CASEIB 2025), que tendr\u00e1 lugar en Zaragoza.<\/p>\n<p>A continuaci\u00f3n, se indica la documentaci\u00f3n donde se detallan las bases del premio, los requisitos de participaci\u00f3n, documentaci\u00f3n a presentar, criterios de evaluaci\u00f3n, as\u00ed como los anexos para enviar la documentaci\u00f3n solicitada. El l\u00edmite para el env\u00edo de candidaturas\u00a0<span style=\"color: #ff0000;\">se extiende hasta el 5 de septiembre de 2025<\/span>, inclusive.<\/p>\n<ul>\n<li><a href=\"https:\/\/urldefense.com\/v3\/__https:\/\/ehhqs.r.a.d.sendibm1.com\/mk\/cl\/f\/sh\/6rqJfgq8dINmOJsHq7wHRmfs4vw\/iJxJRdPm8fxU__;!!D9dNQwwGXtA!UX_TGSR9yY4k02KKKhYQSd0ctZ-_4rqmCkF_SDNl-pdHnrzR5y1JeyxUxfIc50tM3GXgcUDtN3J7IdoVrg$\" target=\"_blank\" rel=\"noopener\" data-saferedirecturl=\"https:\/\/www.google.com\/url?q=https:\/\/urldefense.com\/v3\/__https:\/\/ehhqs.r.a.d.sendibm1.com\/mk\/cl\/f\/sh\/6rqJfgq8dINmOJsHq7wHRmfs4vw\/iJxJRdPm8fxU__;!!D9dNQwwGXtA!UX_TGSR9yY4k02KKKhYQSd0ctZ-_4rqmCkF_SDNl-pdHnrzR5y1JeyxUxfIc50tM3GXgcUDtN3J7IdoVrg$&amp;source=gmail&amp;ust=1745997625861000&amp;usg=AOvVaw1kNOdKMpz-BzmgCRKqaWZ5\">Convocatoria del Premio SEIB a la mejor tesis doctoral publicada en 2024<\/a><\/li>\n<li><a href=\"https:\/\/urldefense.com\/v3\/__https:\/\/ehhqs.r.a.d.sendibm1.com\/mk\/cl\/f\/sh\/6rqJfgq8dIPRQmARKRLpNNnniEy\/e3eJAHYmhN_p__;!!D9dNQwwGXtA!UX_TGSR9yY4k02KKKhYQSd0ctZ-_4rqmCkF_SDNl-pdHnrzR5y1JeyxUxfIc50tM3GXgcUDtN3KXwIw8gw$\" target=\"_blank\" rel=\"noopener\" data-saferedirecturl=\"https:\/\/www.google.com\/url?q=https:\/\/urldefense.com\/v3\/__https:\/\/ehhqs.r.a.d.sendibm1.com\/mk\/cl\/f\/sh\/6rqJfgq8dIPRQmARKRLpNNnniEy\/e3eJAHYmhN_p__;!!D9dNQwwGXtA!UX_TGSR9yY4k02KKKhYQSd0ctZ-_4rqmCkF_SDNl-pdHnrzR5y1JeyxUxfIc50tM3GXgcUDtN3KXwIw8gw$&amp;source=gmail&amp;ust=1745997625861000&amp;usg=AOvVaw2ieLNDPfWNuJlUDzyUqeF2\">Anexos de la Convocatoria del Premio SEIB a la mejor tesis doctoral\u00a0 publicada en 2024<\/a><\/li>\n<\/ul>\n<\/div>\n<p>&nbsp;<\/p>\n<h2><strong>Premio SEIB para j\u00f3venes investigadores al mejor art\u00edculo publicado en 2024<\/strong><\/h2>\n<div>\n<p>SEIB convoca la tercera edici\u00f3n del Premio al mejor art\u00edculo publicado en 2024 por j\u00f3venes investigadores de edad menor o igual a 35 a\u00f1os. Se pretende reconocer y recompensar el esfuerzo del trabajo de sus j\u00f3venes investigadores, as\u00ed como fomentar la investigaci\u00f3n de alta calidad en el \u00e1mbito de la Ingenier\u00eda Biom\u00e9dica.<\/p>\n<p>La entrega del premio se realizar\u00e1 durante el XLIII Congreso Anual de la Sociedad Espa\u00f1ola de Ingenier\u00eda Biom\u00e9dica (CASEIB 2025), que tendr\u00e1 lugar en Zaragoza.<\/p>\n<p>A continuaci\u00f3n, se detallan las bases donde se especifican los requisitos de participaci\u00f3n, documentaci\u00f3n a presentar, criterios de evaluaci\u00f3n, as\u00ed como el anexo para enviar la documentaci\u00f3n solicitada. El l\u00edmite para el env\u00edo de candidaturas\u00a0<span style=\"color: #ff0000;\">se extiende hasta el 5 de septiembre de 2025<\/span>, inclusive.<\/p>\n<ul>\n<li><a href=\"https:\/\/urldefense.com\/v3\/__https:\/\/ehhqs.r.a.d.sendibm1.com\/mk\/cl\/f\/sh\/6rqJfgq8dIR6TESaoklNIyvjLY0\/VTs4J3j3QmYt__;!!D9dNQwwGXtA!UX_TGSR9yY4k02KKKhYQSd0ctZ-_4rqmCkF_SDNl-pdHnrzR5y1JeyxUxfIc50tM3GXgcUDtN3Jj1ZphaA$\" target=\"_blank\" rel=\"noopener\" data-saferedirecturl=\"https:\/\/www.google.com\/url?q=https:\/\/urldefense.com\/v3\/__https:\/\/ehhqs.r.a.d.sendibm1.com\/mk\/cl\/f\/sh\/6rqJfgq8dIR6TESaoklNIyvjLY0\/VTs4J3j3QmYt__;!!D9dNQwwGXtA!UX_TGSR9yY4k02KKKhYQSd0ctZ-_4rqmCkF_SDNl-pdHnrzR5y1JeyxUxfIc50tM3GXgcUDtN3Jj1ZphaA$&amp;source=gmail&amp;ust=1745997625861000&amp;usg=AOvVaw27ycVS1Om66KWmNxgdIJ0-\">Convocatoria Premio SEIB para j\u00f3venes investigadores al mejor art\u00edculo publicado en 2024<\/a><\/li>\n<li><a href=\"https:\/\/urldefense.com\/v3\/__https:\/\/ehhqs.r.a.d.sendibm1.com\/mk\/cl\/f\/sh\/6rqJfgq8dISlVgkkJ4AvEa3eyr2\/8--8kc0NfWgZ__;!!D9dNQwwGXtA!UX_TGSR9yY4k02KKKhYQSd0ctZ-_4rqmCkF_SDNl-pdHnrzR5y1JeyxUxfIc50tM3GXgcUDtN3LdfT8tNg$\" target=\"_blank\" rel=\"noopener\" data-saferedirecturl=\"https:\/\/www.google.com\/url?q=https:\/\/urldefense.com\/v3\/__https:\/\/ehhqs.r.a.d.sendibm1.com\/mk\/cl\/f\/sh\/6rqJfgq8dISlVgkkJ4AvEa3eyr2\/8--8kc0NfWgZ__;!!D9dNQwwGXtA!UX_TGSR9yY4k02KKKhYQSd0ctZ-_4rqmCkF_SDNl-pdHnrzR5y1JeyxUxfIc50tM3GXgcUDtN3LdfT8tNg$&amp;source=gmail&amp;ust=1745997625861000&amp;usg=AOvVaw1g75I7dRs3cAOaLb-TxjJG\">Anexo de la Convocatoria Premio SEIB al mejor art\u00edculo publicado en 2024<\/a><\/li>\n<\/ul>\n<\/div>\n<p>&nbsp;<\/p>\n<p><strong style=\"color: red;\">PLAZO DE ENV\u00cdO DE CANDIDATURAS HASTA EL 5 DE SEPTIEMBRE DE 2025<\/strong><\/p>\n<p>M\u00e1s informaci\u00f3n en <a href=\"https:\/\/seib.org.es\/investigacion\/premios-en-investigacion-seib\/\" target=\"_blank\" rel=\"noopener\">https:\/\/seib.org.es\/investigacion\/premios-en-investigacion-seib\/<\/a><\/p>\n","protected":false},"excerpt":{"rendered":"<p>&nbsp; Con el objetivo de reconocer y poner en valor la trayectoria de los j\u00f3venes investigadores socios de la SEIB en las diferentes \u00e1reas de la Ingenier\u00eda Biom\u00e9dica, se convoca la tercera edici\u00f3n de dos Premios:\u00a0Premio SEIB a la mejor Tesis Doctoral en 2024 y Premio SEIB al mejor art\u00edculo\u2026<\/p>\n<p> <a class=\"continue-reading-link\" href=\"https:\/\/caseib.es\/2025\/premios-seib\/\"><span>VER MAS<\/span><i class=\"crycon-right-dir\"><\/i><\/a> <\/p>\n","protected":false},"author":13,"featured_media":0,"parent":0,"menu_order":0,"comment_status":"closed","ping_status":"closed","template":"","meta":{"footnotes":""},"class_list":["post-4710","page","type-page","status-publish","hentry"],"_links":{"self":[{"href":"https:\/\/caseib.es\/2025\/wp-json\/wp\/v2\/pages\/4710","targetHints":{"allow":["GET"]}}],"collection":[{"href":"https:\/\/caseib.es\/2025\/wp-json\/wp\/v2\/pages"}],"about":[{"href":"https:\/\/caseib.es\/2025\/wp-json\/wp\/v2\/types\/page"}],"author":[{"embeddable":true,"href":"https:\/\/caseib.es\/2025\/wp-json\/wp\/v2\/users\/13"}],"replies":[{"embeddable":true,"href":"https:\/\/caseib.es\/2025\/wp-json\/wp\/v2\/comments?post=4710"}],"version-history":[{"count":4,"href":"https:\/\/caseib.es\/2025\/wp-json\/wp\/v2\/pages\/4710\/revisions"}],"predecessor-version":[{"id":4761,"href":"https:\/\/caseib.es\/2025\/wp-json\/wp\/v2\/pages\/4710\/revisions\/4761"}],"wp:attachment":[{"href":"https:\/\/caseib.es\/2025\/wp-json\/wp\/v2\/media?parent=4710"}],"curies":[{"name":"wp","href":"https:\/\/api.w.org\/{rel}","templated":true}]}}