{"id":4731,"date":"2025-05-22T15:27:37","date_gmt":"2025-05-22T14:27:37","guid":{"rendered":"https:\/\/caseib.es\/2025\/?page_id=4731"},"modified":"2025-11-07T12:13:29","modified_gmt":"2025-11-07T11:13:29","slug":"premios-seib-fenin","status":"publish","type":"page","link":"https:\/\/caseib.es\/2025\/premios-seib-fenin\/","title":{"rendered":"PREMIOS SEIB-FENIN"},"content":{"rendered":"<p><strong>COMPETICI\u00d3N DE ESTUDIANTES DE GRADOS DE INGENIER\u00cdA BIOM\u00c9DICA<\/strong><\/p>\n<p><strong>MOTIVACI\u00d3N<\/strong><br \/>\nLa <a href=\"https:\/\/seib.org.es\/\">Sociedad Espa\u00f1ola de Ingenier\u00eda Biom\u00e9dica (SEIB)<\/a> y la<a href=\"https:\/\/www.fenin.es\/\"> Federaci\u00f3n Espa\u00f1ola de Empresas de Tecnolog\u00eda Sanitaria (FENIN)<\/a>, coordinadas con los centros espa\u00f1oles en los que se imparten titulaciones de Graduado en Ingenier\u00eda Biom\u00e9dica, convocan los Premios SEIB-FENIN dirigidos a estudiantes Grado en Ingenier\u00eda Biom\u00e9dica.<\/p>\n<p><strong>JURADO<\/strong><\/p>\n<p>Los miembros del jurado designados para las sesiones de los premios, que tendr\u00e1n lugar el mi\u00e9rcoles 19 de noviembre entre las 15:00 y las 18:00 h, son:<\/p>\n<ul>\n<li><span class=\"fontbold font14\">Elisabete<\/span> <span class=\"fontbold font14\">Aramendi<\/span>, <span class=\"font10\">Universidad del Pa\u00eds Vasco<\/span>.<\/li>\n<li>Juan Carlos Antony, SEIB.<\/li>\n<li>Pablo Laguna, Universidad de Zaragoza.<\/li>\n<\/ul>\n<p><strong>PREMIOS<\/strong><br \/>\nLos Premios tienen una dotaci\u00f3n en met\u00e1lico de 600\u20ac, 400\u20ac y 200\u20ac para el 1er, 2\u00ba y 3er Premio, respectivamente. La SEIB se hace cargo de los gastos de inscripci\u00f3n al congreso CASEIB 2025\u00a0de los estudiantes seleccionados y los centros proporcionar\u00e1n una ayuda de viaje para la estancia y el transporte. Todos los seleccionados recibir\u00e1n una inscripci\u00f3n gratuita como miembro estudiante de la SEIB durante un a\u00f1o desde la fecha de celebraci\u00f3n del congreso.<\/p>\n<p>La <strong>entrega de premios<\/strong> tendr\u00e1 lugar en el transcurso del <strong>acto de clausura <\/strong>del congreso<\/p>\n<p>&nbsp;<\/p>\n<p><a href=\"https:\/\/seib.org.es\"><img loading=\"lazy\" decoding=\"async\" class=\"alignnone size-full wp-image-4108\" src=\"https:\/\/caseib.es\/2025\/wp-content\/uploads\/2024\/04\/logo-SEIB-e1712657581964.png\" alt=\"\" width=\"513\" height=\"60\" data-id=\"4108\" \/><\/a><\/p>\n<p><a href=\"https:\/\/fenin.es\/\"><img loading=\"lazy\" decoding=\"async\" src=\"https:\/\/caseib.es\/2025\/wp-content\/uploads\/2025\/10\/logo-innovacionplataforma.png\" alt=\"\" width=\"513\" height=\"60\" \/><\/a><\/p>\n<p><a href=\"https:\/\/seib.org.es\"><img loading=\"lazy\" decoding=\"async\" class=\"alignnone size-full wp-image-4108\" src=\"https:\/\/caseib.es\/2025\/wp-content\/uploads\/2025\/10\/logo-ministerio.png\" alt=\"\" width=\"513\" height=\"60\" data-id=\"4108\" \/><\/a><\/p>\n<p><span style=\"color: #808080;\">Esta iniciativa es parte de la ayuda PTR2024-002833, financiado por MICIU\/AEI\/10.13039\/<wbr \/>501100011033, bajo la convocatoria Ayudas a Plataformas Tecnol\u00f3gicas y de Innovaci\u00f3n 2024.<\/span><\/p>\n","protected":false},"excerpt":{"rendered":"<p>COMPETICI\u00d3N DE ESTUDIANTES DE GRADOS DE INGENIER\u00cdA BIOM\u00c9DICA MOTIVACI\u00d3N La Sociedad Espa\u00f1ola de Ingenier\u00eda Biom\u00e9dica (SEIB) y la Federaci\u00f3n Espa\u00f1ola de Empresas de Tecnolog\u00eda Sanitaria (FENIN), coordinadas con los centros espa\u00f1oles en los que se imparten titulaciones de Graduado en Ingenier\u00eda Biom\u00e9dica, convocan los Premios SEIB-FENIN dirigidos a estudiantes Grado\u2026<\/p>\n<p> <a class=\"continue-reading-link\" href=\"https:\/\/caseib.es\/2025\/premios-seib-fenin\/\"><span>VER MAS<\/span><i class=\"crycon-right-dir\"><\/i><\/a> <\/p>\n","protected":false},"author":13,"featured_media":0,"parent":0,"menu_order":0,"comment_status":"closed","ping_status":"closed","template":"","meta":{"footnotes":""},"class_list":["post-4731","page","type-page","status-publish","hentry"],"_links":{"self":[{"href":"https:\/\/caseib.es\/2025\/wp-json\/wp\/v2\/pages\/4731","targetHints":{"allow":["GET"]}}],"collection":[{"href":"https:\/\/caseib.es\/2025\/wp-json\/wp\/v2\/pages"}],"about":[{"href":"https:\/\/caseib.es\/2025\/wp-json\/wp\/v2\/types\/page"}],"author":[{"embeddable":true,"href":"https:\/\/caseib.es\/2025\/wp-json\/wp\/v2\/users\/13"}],"replies":[{"embeddable":true,"href":"https:\/\/caseib.es\/2025\/wp-json\/wp\/v2\/comments?post=4731"}],"version-history":[{"count":5,"href":"https:\/\/caseib.es\/2025\/wp-json\/wp\/v2\/pages\/4731\/revisions"}],"predecessor-version":[{"id":4889,"href":"https:\/\/caseib.es\/2025\/wp-json\/wp\/v2\/pages\/4731\/revisions\/4889"}],"wp:attachment":[{"href":"https:\/\/caseib.es\/2025\/wp-json\/wp\/v2\/media?parent=4731"}],"curies":[{"name":"wp","href":"https:\/\/api.w.org\/{rel}","templated":true}]}}