{"id":4774,"date":"2025-07-09T13:30:11","date_gmt":"2025-07-09T12:30:11","guid":{"rendered":"https:\/\/caseib.es\/2025\/?page_id=4774"},"modified":"2025-10-28T10:55:44","modified_gmt":"2025-10-28T09:55:44","slug":"como-llegar","status":"publish","type":"page","link":"https:\/\/caseib.es\/2025\/como-llegar\/","title":{"rendered":"C\u00d3MO LLEGAR"},"content":{"rendered":"<h2 data-start=\"68\" data-end=\"106\">C\u00f3mo llegar al Congreso CASEIB 2025<\/h2>\n<p data-start=\"108\" data-end=\"353\">La sede del congreso es la Escuela de Ingenier\u00eda y Arquitectura (EINA), ubicada en el Campus R\u00edo Ebro de la Universidad de Zaragoza. A continuaci\u00f3n, se detallan las principales opciones para llegar al campus desde diferentes puntos de la ciudad:<\/p>\n<h3 data-start=\"355\" data-end=\"369\">En tranv\u00eda<\/h3>\n<p data-start=\"371\" data-end=\"714\">La forma m\u00e1s r\u00e1pida y directa de acceder al campus es mediante la l\u00ednea 1 del tranv\u00eda de Zaragoza, que conecta el norte y el sur de la ciudad. La parada m\u00e1s cercana a la EINA es <strong data-start=\"549\" data-end=\"568\">Campus R\u00edo Ebro<\/strong>, situada a pocos minutos a pie de la entrada principal. Esta l\u00ednea ofrece un servicio frecuente y conecta con diversos puntos clave de la ciudad.<\/p>\n<h3 data-start=\"894\" data-end=\"906\">En coche<\/h3>\n<p data-start=\"908\" data-end=\"1182\">Si decides llegar en coche, el campus cuenta con un amplio aparcamiento. Desde el centro de Zaragoza, puedes acceder al Campus R\u00edo Ebro tomando la <strong data-start=\"1054\" data-end=\"1069\">Ronda Norte<\/strong> (A-2) y saliendo en la <strong data-start=\"1093\" data-end=\"1107\">Salida 320<\/strong> hacia Campus R\u00edo Ebro. Desde all\u00ed, sigue las indicaciones hacia el campus.<\/p>\n<h3 data-start=\"1184\" data-end=\"1233\">Desde la estaci\u00f3n de trenes Zaragoza-Delicias<\/h3>\n<p data-start=\"1235\" data-end=\"1436\">Desde la estaci\u00f3n Zaragoza-Delicias, puedes tomar la l\u00ednea <strong data-start=\"1294\" data-end=\"1300\">34<\/strong> de autob\u00fas hasta la parada <strong data-start=\"1328\" data-end=\"1353\">Avenida C\u00e9sar Augusto<\/strong> y, desde all\u00ed, continuar en tranv\u00eda (l\u00ednea 1) hasta la parada <strong data-start=\"1416\" data-end=\"1435\">Campus R\u00edo Ebro<\/strong>.<\/p>\n<p data-start=\"1438\" data-end=\"1683\">Como alternativa m\u00e1s r\u00e1pida y c\u00f3moda, se puede optar por un taxi. La distancia entre la estaci\u00f3n y el campus es de aproximadamente 6 km, y el trayecto suele costar entre 12 y 15 euros, con una duraci\u00f3n aproximada de 15 minutos, seg\u00fan el tr\u00e1fico.<\/p>\n<p data-start=\"1438\" data-end=\"1683\"><strong>Importante<\/strong>: Existe la opci\u00f3n de descuento del 5% en Renfe, se mandar\u00e1 la informaci\u00f3n a los inscritos al congreso.<\/p>\n<h3 data-start=\"1685\" data-end=\"1709\">Direcci\u00f3n de la sede<\/h3>\n<p data-start=\"1711\" data-end=\"1800\"><strong data-start=\"1711\" data-end=\"1758\">Edificio Betancourt &#8211; Escuela de Ingenier\u00eda y Arquitectura (EINA)<\/strong><br data-start=\"1758\" data-end=\"1761\" \/>Calle Mar\u00eda de Luna, 5<br data-start=\"1783\" data-end=\"1786\" \/>50018 Zaragoza<\/p>\n<p style=\"text-align: center;\"><iframe loading=\"lazy\" style=\"border: 0;\" src=\"https:\/\/www.google.com\/maps\/embed?pb=!1m18!1m12!1m3!1d3196.976489183742!2d-0.8887730236917012!3d41.683687271263764!2m3!1f0!2f0!3f0!3m2!1i1024!2i768!4f13.1!3m3!1m2!1s0xd59135de65d634f%3A0xc474585bb0ec375b!2sUniversidad%20de%20Zaragoza%3A%20Escuela%20de%20Ingenier%C3%ADa%20y%20Arquitectura!5e1!3m2!1ses!2ses!4v1739370088695!5m2!1ses!2ses\" width=\"600\" height=\"450\" allowfullscreen=\"allowfullscreen\"><\/iframe><\/p>\n","protected":false},"excerpt":{"rendered":"<p>C\u00f3mo llegar al Congreso CASEIB 2025 La sede del congreso es la Escuela de Ingenier\u00eda y Arquitectura (EINA), ubicada en el Campus R\u00edo Ebro de la Universidad de Zaragoza. A continuaci\u00f3n, se detallan las principales opciones para llegar al campus desde diferentes puntos de la ciudad: En tranv\u00eda La forma\u2026<\/p>\n<p> <a class=\"continue-reading-link\" href=\"https:\/\/caseib.es\/2025\/como-llegar\/\"><span>VER MAS<\/span><i class=\"crycon-right-dir\"><\/i><\/a> <\/p>\n","protected":false},"author":13,"featured_media":0,"parent":0,"menu_order":0,"comment_status":"closed","ping_status":"closed","template":"","meta":{"footnotes":""},"class_list":["post-4774","page","type-page","status-publish","hentry"],"_links":{"self":[{"href":"https:\/\/caseib.es\/2025\/wp-json\/wp\/v2\/pages\/4774","targetHints":{"allow":["GET"]}}],"collection":[{"href":"https:\/\/caseib.es\/2025\/wp-json\/wp\/v2\/pages"}],"about":[{"href":"https:\/\/caseib.es\/2025\/wp-json\/wp\/v2\/types\/page"}],"author":[{"embeddable":true,"href":"https:\/\/caseib.es\/2025\/wp-json\/wp\/v2\/users\/13"}],"replies":[{"embeddable":true,"href":"https:\/\/caseib.es\/2025\/wp-json\/wp\/v2\/comments?post=4774"}],"version-history":[{"count":7,"href":"https:\/\/caseib.es\/2025\/wp-json\/wp\/v2\/pages\/4774\/revisions"}],"predecessor-version":[{"id":4859,"href":"https:\/\/caseib.es\/2025\/wp-json\/wp\/v2\/pages\/4774\/revisions\/4859"}],"wp:attachment":[{"href":"https:\/\/caseib.es\/2025\/wp-json\/wp\/v2\/media?parent=4774"}],"curies":[{"name":"wp","href":"https:\/\/api.w.org\/{rel}","templated":true}]}}