{"id":4784,"date":"2025-07-09T14:08:55","date_gmt":"2025-07-09T13:08:55","guid":{"rendered":"https:\/\/caseib.es\/2025\/?page_id=4784"},"modified":"2025-10-28T10:56:22","modified_gmt":"2025-10-28T09:56:22","slug":"alojamiento","status":"publish","type":"page","link":"https:\/\/caseib.es\/2025\/alojamiento\/","title":{"rendered":"ALOJAMIENTO"},"content":{"rendered":"<p>Hay varios hoteles excelentes en Zaragoza para todos los presupuestos y preferencias. A continuaci\u00f3n, se presentan algunas recomendaciones: el primer hotel est\u00e1 <strong data-start=\"161\" data-end=\"194\">muy cerca del Campus R\u00edo Ebro<\/strong>, mientras que los dem\u00e1s est\u00e1n en el <strong data-start=\"231\" data-end=\"250\">casco hist\u00f3rico<\/strong>, con f\u00e1cil acceso al tranv\u00eda que conecta el campus con el centro.<\/p>\n<p>&nbsp;<\/p>\n\n<table id=\"tablepress-46\" class=\"tablepress tablepress-id-46\">\n<tbody class=\"row-striping row-hover\">\n<tr class=\"row-1\">\n\t<td class=\"column-1\"><a href=\"https:\/\/www.eurostarshotels.com\/exe-zaragoza-wtc.html?referer_code=lb0gg00yx&amp;utm_source=google&amp;utm_medium=business&amp;utm_campaign=lb0gg00yx\" target=\"_blank\" rel=\"noopener\">EXE Zaragoza WTC 3*<\/a><br \/>\n<\/td><td class=\"column-2\"><a href=\"https:\/\/www.nh-hotels.com\/en\/hotel\/nh-ciudad-de-zaragoza?utm_campaign=local-gmb&amp;utm_medium=organic_search&amp;utm_source=google_gmb\" target=\"_blank\" rel=\"noopener\">NH Hoteles 4*<\/a><br \/>\n<\/td><td class=\"column-3\"><a href=\"https:\/\/en.vinccizaragozazentro.com\/\" target=\"_blank\" rel=\"noopener\">Vincci Zaragoza Zentro 4*<\/a><br \/>\n<\/td>\n<\/tr>\n<tr class=\"row-2\">\n\t<td class=\"column-1\"><a href=\"https:\/\/www.hoteles-silken.com\/en\/hotel-reino-de-aragon-zaragoza\/\" target=\"_blank\" rel=\"noopener\">Silken Reino de Arag\u00f3n 4*<\/a><br \/>\n<\/td><td class=\"column-2\"><a href=\"https:\/\/azalojamientos.com\/hoteles\/hotel-san-valero\/\" target=\"_blank\" rel=\"noopener\">Hotel San Valero 2*<\/a><br \/>\n<\/td><td class=\"column-3\"><a href=\"https:\/\/www.hotelincazaragoza.com\/\" target=\"_blank\" rel=\"noopener\">Hotel Inca Zaragoza 3*<\/a><br \/>\n<\/td>\n<\/tr>\n<tr class=\"row-3\">\n\t<td class=\"column-1\"><a href=\"https:\/\/www.cataloniahotels.com\/en\/hotel\/catalonia-el-pilar\" target=\"_blank\" rel=\"noopener\">Hotel Catalonia El Pilar 4*<\/a><br \/>\n<\/td><td class=\"column-2\"><a href=\"https:\/\/www.hoteldonjaime54.com\/\" target=\"_blank\" rel=\"noopener\">Hotel Don Jaime 54 3*<\/a><br \/>\n<\/td><td class=\"column-3\"><a href=\"https:\/\/donyo.zenithoteles.com\/\" target=\"_blank\" rel=\"noopener\">Zenit Don Yo 4*<\/a><br \/>\n<\/td>\n<\/tr>\n<tr class=\"row-4\">\n\t<td class=\"column-1\"><a href=\"https:\/\/www.palafoxhoteles.com\/en\/zaragoza-hotels\/hotel-goya\" target=\"_blank\" rel=\"noopener\">Hotel Goya 4*<\/a><br \/>\n<\/td><td class=\"column-2\"><a href=\"https:\/\/www.melia.com\/en\/hotels\/spain\/zaragoza\/innside-zaragoza?utm_medium=organic&amp;utm_source=directories&amp;utm_campaign=google&amp;utm_content=5001\" target=\"_blank\" rel=\"noopener\">Innside Zaragoza - Meli\u00e1 4*<\/a><br \/>\n<\/td><td class=\"column-3\"><a href=\"https:\/\/losgirasoles.info\/?lang=en\" target=\"_blank\" rel=\"noopener\">Los Girasoles 4*<\/a><br \/>\n<\/td>\n<\/tr>\n<\/tbody>\n<\/table>\n<!-- #tablepress-46 from cache -->\n<p>&nbsp;<\/p>\n<p><strong>Importante<\/strong>: Existe la opci\u00f3n de descuento del 5% en Renfe, se mandar\u00e1 la informaci\u00f3n a los inscritos al congreso.<\/p>\n","protected":false},"excerpt":{"rendered":"<p>Hay varios hoteles excelentes en Zaragoza para todos los presupuestos y preferencias. A continuaci\u00f3n, se presentan algunas recomendaciones: el primer hotel est\u00e1 muy cerca del Campus R\u00edo Ebro, mientras que los dem\u00e1s est\u00e1n en el casco hist\u00f3rico, con f\u00e1cil acceso al tranv\u00eda que conecta el campus con el centro. &nbsp;\u2026<\/p>\n<p> <a class=\"continue-reading-link\" href=\"https:\/\/caseib.es\/2025\/alojamiento\/\"><span>VER MAS<\/span><i class=\"crycon-right-dir\"><\/i><\/a> <\/p>\n","protected":false},"author":13,"featured_media":0,"parent":0,"menu_order":0,"comment_status":"closed","ping_status":"closed","template":"","meta":{"footnotes":""},"class_list":["post-4784","page","type-page","status-publish","hentry"],"_links":{"self":[{"href":"https:\/\/caseib.es\/2025\/wp-json\/wp\/v2\/pages\/4784","targetHints":{"allow":["GET"]}}],"collection":[{"href":"https:\/\/caseib.es\/2025\/wp-json\/wp\/v2\/pages"}],"about":[{"href":"https:\/\/caseib.es\/2025\/wp-json\/wp\/v2\/types\/page"}],"author":[{"embeddable":true,"href":"https:\/\/caseib.es\/2025\/wp-json\/wp\/v2\/users\/13"}],"replies":[{"embeddable":true,"href":"https:\/\/caseib.es\/2025\/wp-json\/wp\/v2\/comments?post=4784"}],"version-history":[{"count":2,"href":"https:\/\/caseib.es\/2025\/wp-json\/wp\/v2\/pages\/4784\/revisions"}],"predecessor-version":[{"id":4860,"href":"https:\/\/caseib.es\/2025\/wp-json\/wp\/v2\/pages\/4784\/revisions\/4860"}],"wp:attachment":[{"href":"https:\/\/caseib.es\/2025\/wp-json\/wp\/v2\/media?parent=4784"}],"curies":[{"name":"wp","href":"https:\/\/api.w.org\/{rel}","templated":true}]}}