{"id":4790,"date":"2025-07-09T15:08:01","date_gmt":"2025-07-09T14:08:01","guid":{"rendered":"https:\/\/caseib.es\/2025\/?page_id=4790"},"modified":"2025-11-17T12:35:59","modified_gmt":"2025-11-17T11:35:59","slug":"comite-cientifico","status":"publish","type":"page","link":"https:\/\/caseib.es\/2025\/comite-cientifico\/","title":{"rendered":"COMIT\u00c9 CIENT\u00cdFICO"},"content":{"rendered":"<div>\n<p><strong>Presidente:<\/strong>\u00a0Enrique J. G\u00f3mez Aguilera,\u00a0<em>Universidad Polit\u00e9cnica de Madrid<\/em>.<\/p>\n<p><strong>Secretario:<\/strong> Pablo Laguna Lasaosa, <em>Universidad de Zaragoza<\/em>.<\/p>\n<p><strong>Vocales:<\/strong><\/p>\n<ul>\n<li>Bego\u00f1a Acha Pi\u00f1ero,\u00a0<em>Universidad de Sevilla<\/em>.<\/li>\n<li>Ra\u00fal Alcaraz Mart\u00ednez,\u00a0<em>Universidad de Castilla la Mancha<\/em>.<\/li>\n<li>Erik Alonso,\u00a0<em>Universidad del Pa\u00eds Vasco<\/em>.<\/li>\n<li>Juan Carlos Antony,\u00a0<em>GE Healthcare<\/em>.<\/li>\n<li>Elisabete Aramendi Ecenarro,\u00a0<em>Universidad del Pa\u00eds Vasco<\/em>.<\/li>\n<li>Jos\u00e9 Luis Arce Diego,\u00a0<em>Universidad de Cantabria<\/em><\/li>\n<li>Raquel Bail\u00f3n Luesma, <em>Universidad de Zaragoza<\/em>.<\/li>\n<li>M\u00aa Gloria Bueno Garc\u00eda,\u00a0<em>Universidad de Castilla la Mancha<\/em>.<\/li>\n<li>Ana de los Reyes Guzm\u00e1n,\u00a0<em>Servicio de Salud de Castilla la Mancha<\/em>.<\/li>\n<li>Manuel Desco Men\u00e9ndez,\u00a0<em>Universidad Carlos III de Madrid<\/em>.<\/li>\n<li>F\u00e9lix Fanjul V\u00e9lez,\u00a0<em>Universidad de Cantabria<\/em>.<\/li>\n<li>Javier Garc\u00eda Casado,\u00a0<em>Universitat Polit\u00e8cnica de Val\u00e8ncia<\/em>.<\/li>\n<li>Mar\u00eda Garc\u00eda Gada\u00f1\u00f3n,\u00a0<em>Universidad de Valladolid<\/em>.<\/li>\n<li>Eduardo Gil Herrando, <em>Universidad de Zaragoza<\/em>.<\/li>\n<li>Beatriz F. Giraldo Giraldo,\u00a0<em>Universitat Polit\u00e8cnica de Catalunya<\/em>.<\/li>\n<li>Carlos G\u00f3mez Pe\u00f1a, <em>Universidad de Valladolid<\/em>.<\/li>\n<li>Mar\u00eda Elena Hernando P\u00e9rez,\u00a0<em>Universidad Polit\u00e9cnica de Madrid<\/em>.<\/li>\n<li>Roberto Hornero S\u00e1nchez,\u00a0<em>Universidad de Valladolid<\/em>.<\/li>\n<li>Raimon Jan\u00e9 Campos,\u00a0<em>Universitat Polit\u00e8cnica de Catalunya<\/em>.<\/li>\n<li>Juan Pablo Mart\u00ednez Cort\u00e9s,\u00a0<em>Universidad de Zaragoza<\/em>.<\/li>\n<li>Jes\u00fas L\u00e1zaro Plaza, <em>Universidad de Zaragoza<\/em>.<\/li>\n<li>Dolores Ojados Gonz\u00e1lez, <em>Universidad Polit\u00e9cnica de Cartagena.<\/em><\/li>\n<li>Jes\u00fas Poza Crespo,\u00a0<em>Universidad de Valladolid<\/em>.<\/li>\n<li>Gema Prats Boluda,\u00a0<em>Universitat Polit\u00e8cnica de Val\u00e8ncia<\/em>.<\/li>\n<li>Esther Pueyo Paules, <em>Universidad de Zaragoza<\/em>.<\/li>\n<li>Javier Reina Tosina,\u00a0<em>Universidad de Sevilla<\/em>.<\/li>\n<li>Jos\u00e9 Joaqu\u00edn Rieta Ib\u00e1\u00f1ez,\u00a0<em>Universitat Polit\u00e8cnica de Val\u00e8ncia<\/em>.<\/li>\n<li>Joaqu\u00edn Roca Gonz\u00e1lez, <em>Universidad Polit\u00e9cnica de Cartagena.<\/em><\/li>\n<li>Isabel Rom\u00e1n Mart\u00ednez,\u00a0<em>Universidad de Sevilla<\/em>.<\/li>\n<li>Francisco Javier Saiz Rodr\u00edguez,\u00a0<em>Universitat Polit\u00e8cnica de Val\u00e8ncia<\/em>.<\/li>\n<li>Patricia S\u00e1nchez Gonz\u00e1lez,\u00a0<em>Universidad Polit\u00e9cnica de Madrid<\/em>.<\/li>\n<li>Daniel S\u00e1nchez Morillo,\u00a0<em>Universidad de C\u00e1diz<\/em>.<\/li>\n<li>Andr\u00e9s Santos Lle\u00f3,\u00a0<em>Universidad Polit\u00e9cnica de Madrid<\/em>.<\/li>\n<li>Carmen Serrano Gotarredona<em>, Universidad de Sevilla.<\/em><\/li>\n<li>Ruth Solana Gracia,\u00a0<em>Hospital Universitario Infanta Leonor<\/em>.<\/li>\n<li>Abel Torres Cebri\u00e1n,\u00a0<em>Universitat Polit\u00e8cnica de Catalunya<\/em>.<\/li>\n<\/ul>\n<\/div>\n","protected":false},"excerpt":{"rendered":"<p>Presidente:\u00a0Enrique J. G\u00f3mez Aguilera,\u00a0Universidad Polit\u00e9cnica de Madrid. Secretario: Pablo Laguna Lasaosa, Universidad de Zaragoza. Vocales: Bego\u00f1a Acha Pi\u00f1ero,\u00a0Universidad de Sevilla. Ra\u00fal Alcaraz Mart\u00ednez,\u00a0Universidad de Castilla la Mancha. Erik Alonso,\u00a0Universidad del Pa\u00eds Vasco. Juan Carlos Antony,\u00a0GE Healthcare. Elisabete Aramendi Ecenarro,\u00a0Universidad del Pa\u00eds Vasco. Jos\u00e9 Luis Arce Diego,\u00a0Universidad de Cantabria Raquel Bail\u00f3n\u2026<\/p>\n<p> <a class=\"continue-reading-link\" href=\"https:\/\/caseib.es\/2025\/comite-cientifico\/\"><span>VER MAS<\/span><i class=\"crycon-right-dir\"><\/i><\/a> <\/p>\n","protected":false},"author":13,"featured_media":0,"parent":0,"menu_order":0,"comment_status":"closed","ping_status":"closed","template":"","meta":{"footnotes":""},"class_list":["post-4790","page","type-page","status-publish","hentry"],"_links":{"self":[{"href":"https:\/\/caseib.es\/2025\/wp-json\/wp\/v2\/pages\/4790","targetHints":{"allow":["GET"]}}],"collection":[{"href":"https:\/\/caseib.es\/2025\/wp-json\/wp\/v2\/pages"}],"about":[{"href":"https:\/\/caseib.es\/2025\/wp-json\/wp\/v2\/types\/page"}],"author":[{"embeddable":true,"href":"https:\/\/caseib.es\/2025\/wp-json\/wp\/v2\/users\/13"}],"replies":[{"embeddable":true,"href":"https:\/\/caseib.es\/2025\/wp-json\/wp\/v2\/comments?post=4790"}],"version-history":[{"count":4,"href":"https:\/\/caseib.es\/2025\/wp-json\/wp\/v2\/pages\/4790\/revisions"}],"predecessor-version":[{"id":5004,"href":"https:\/\/caseib.es\/2025\/wp-json\/wp\/v2\/pages\/4790\/revisions\/5004"}],"wp:attachment":[{"href":"https:\/\/caseib.es\/2025\/wp-json\/wp\/v2\/media?parent=4790"}],"curies":[{"name":"wp","href":"https:\/\/api.w.org\/{rel}","templated":true}]}}