{"id":4809,"date":"2025-10-15T11:45:34","date_gmt":"2025-10-15T10:45:34","guid":{"rendered":"https:\/\/caseib.es\/2025\/?page_id=4809"},"modified":"2025-10-15T11:55:38","modified_gmt":"2025-10-15T10:55:38","slug":"sesion-elevator-pitch-con-startups","status":"publish","type":"page","link":"https:\/\/caseib.es\/2025\/sesion-elevator-pitch-con-startups\/","title":{"rendered":"Sesi\u00f3n Elevator Pitch con startups"},"content":{"rendered":"<p><strong>Sesi\u00f3n\u00a0<em>Elevator Pitch<\/em>\u00a0con <em>startups<\/em>.<\/strong><\/p>\n<p><em>Colabora: Fenin<\/em><\/p>\n<p>En esta sesi\u00f3n, tendremos la oportunidad de conocer de primera mano algunas iniciativas innovadoras en el \u00e1mbito de la ingenier\u00eda biom\u00e9dica. A trav\u00e9s de un formato \u00e1gil de <em>elevator pitch<\/em>, distintas <em>startups<\/em> presentar\u00e1n sus proyectos, tecnolog\u00edas y soluciones que buscan transformar la salud digital.\u00a0Esta sesi\u00f3n pretende servir como punto de encuentro entre el emprendimiento, la investigaci\u00f3n y la industria, fomentando la colaboraci\u00f3n y el intercambio de ideas que impulsen el desarrollo tecnol\u00f3gico y la transferencia de conocimiento en biomedicina.<\/p>\n<p>La sesi\u00f3n contar\u00e1 con los siguientes participantes:<\/p>\n<p>&#8211; Debios Diagnostics: Marta Clos &#8211; <a href=\"mailto:jgrasas@debiosdx.com\">\u00a0mclos@debiosdx.com<\/a><\/p>\n<p>&#8211; EBHealth3:\u00a0Pablo Gonz\u00e1lvez &#8211;\u00a0<a href=\"mailto:pg@ebhealth3.es\">pg@ebhealth3.es<\/a><\/p>\n<p>&#8211; Hair up Laser: Esther Caballero &#8211; <a href=\"mailto:ecaballero@hairuplaser.com\"> ecaballero@hairuplaser.com<\/a><\/p>\n<p>&#8211; Bio Smart Data: Mar\u00eda Cayuela &#8211; <a href=\"mailto:mcayuela@biosmartdata.eu\"> mcayuela@biosmartdata.eu<\/a><\/p>\n<p>&#8211; Medsys IA: Pablo D\u00edaz &#8211; <a href=\"mailto:pablo@medsys.ai\"> pablo@medsys.ai<\/a><\/p>\n<p>&nbsp;<\/p>\n<p><a href=\"https:\/\/seib.org.es\"><img loading=\"lazy\" decoding=\"async\" class=\"alignnone size-full wp-image-4108\" src=\"https:\/\/caseib.es\/2025\/wp-content\/uploads\/2024\/04\/logo-SEIB-e1712657581964.png\" alt=\"\" width=\"513\" height=\"60\" data-id=\"4108\" \/><\/a><\/p>\n<p><a href=\"https:\/\/fenin.es\/\"><img loading=\"lazy\" decoding=\"async\" src=\"https:\/\/caseib.es\/2025\/wp-content\/uploads\/2025\/10\/logo-innovacionplataforma.png\" alt=\"\" width=\"513\" height=\"60\" \/><\/a><\/p>\n<p><a href=\"https:\/\/seib.org.es\"><img loading=\"lazy\" decoding=\"async\" class=\"alignnone size-full wp-image-4108\" src=\"https:\/\/caseib.es\/2025\/wp-content\/uploads\/2025\/10\/logo-ministerio.png\" alt=\"\" width=\"513\" height=\"60\" data-id=\"4108\" \/><\/a><\/p>\n<p><span style=\"color: #808080;\">Esta iniciativa es parte de la ayuda PTR2024-002833, financiado por MICIU\/AEI\/10.13039\/<wbr \/>501100011033, bajo la convocatoria Ayudas a Plataformas Tecnol\u00f3gicas y de Innovaci\u00f3n 2024.<\/span><\/p>\n","protected":false},"excerpt":{"rendered":"<p>Sesi\u00f3n\u00a0Elevator Pitch\u00a0con startups. Colabora: Fenin En esta sesi\u00f3n, tendremos la oportunidad de conocer de primera mano algunas iniciativas innovadoras en el \u00e1mbito de la ingenier\u00eda biom\u00e9dica. A trav\u00e9s de un formato \u00e1gil de elevator pitch, distintas startups presentar\u00e1n sus proyectos, tecnolog\u00edas y soluciones que buscan transformar la salud digital.\u00a0Esta sesi\u00f3n\u2026<\/p>\n<p> <a class=\"continue-reading-link\" href=\"https:\/\/caseib.es\/2025\/sesion-elevator-pitch-con-startups\/\"><span>VER MAS<\/span><i class=\"crycon-right-dir\"><\/i><\/a> <\/p>\n","protected":false},"author":13,"featured_media":0,"parent":0,"menu_order":0,"comment_status":"closed","ping_status":"closed","template":"","meta":{"footnotes":""},"class_list":["post-4809","page","type-page","status-publish","hentry"],"_links":{"self":[{"href":"https:\/\/caseib.es\/2025\/wp-json\/wp\/v2\/pages\/4809","targetHints":{"allow":["GET"]}}],"collection":[{"href":"https:\/\/caseib.es\/2025\/wp-json\/wp\/v2\/pages"}],"about":[{"href":"https:\/\/caseib.es\/2025\/wp-json\/wp\/v2\/types\/page"}],"author":[{"embeddable":true,"href":"https:\/\/caseib.es\/2025\/wp-json\/wp\/v2\/users\/13"}],"replies":[{"embeddable":true,"href":"https:\/\/caseib.es\/2025\/wp-json\/wp\/v2\/comments?post=4809"}],"version-history":[{"count":11,"href":"https:\/\/caseib.es\/2025\/wp-json\/wp\/v2\/pages\/4809\/revisions"}],"predecessor-version":[{"id":4824,"href":"https:\/\/caseib.es\/2025\/wp-json\/wp\/v2\/pages\/4809\/revisions\/4824"}],"wp:attachment":[{"href":"https:\/\/caseib.es\/2025\/wp-json\/wp\/v2\/media?parent=4809"}],"curies":[{"name":"wp","href":"https:\/\/api.w.org\/{rel}","templated":true}]}}