{"id":37,"date":"2015-02-03T19:11:14","date_gmt":"2015-02-03T18:11:14","guid":{"rendered":"http:\/\/localhost\/caseib15\/?page_id=37"},"modified":"2026-03-11T17:13:43","modified_gmt":"2026-03-11T16:13:43","slug":"sede","status":"publish","type":"page","link":"https:\/\/caseib.es\/2026\/sede\/","title":{"rendered":"SEDE"},"content":{"rendered":"<p>La Universitat Polit\u00e8cnica de Val\u00e8ncia es una <a href=\"https:\/\/www.upv.es\/organizacion\/la-institucion\/index-es.html\">instituci\u00f3n<\/a> p\u00fablica dedicada a la investigaci\u00f3n y docencia, con una <a href=\"https:\/\/www.upv.es\/organizacion\/la-institucion\/historia\/index-es.html\">historia<\/a> de m\u00e1s de 50 a\u00f1os de existencia, destacada en numerosos <a href=\"https:\/\/www.upv.es\/rankings\/index.html\">rankings<\/a> con una sede moderna y bien equipada para el desarrollo de CASEIB 2026.<\/p>\n<p>&nbsp;<\/p>\n","protected":false},"excerpt":{"rendered":"<p>La Universitat Polit\u00e8cnica de Val\u00e8ncia es una instituci\u00f3n p\u00fablica dedicada a la investigaci\u00f3n y docencia, con una historia de m\u00e1s de 50 a\u00f1os de existencia, destacada en numerosos rankings con una sede moderna y bien equipada para el desarrollo de CASEIB 2026. &nbsp;<\/p>\n<p> <a class=\"continue-reading-link\" href=\"https:\/\/caseib.es\/2026\/sede\/\"><span>VER MAS<\/span><i class=\"crycon-right-dir\"><\/i><\/a> <\/p>\n","protected":false},"author":8,"featured_media":0,"parent":0,"menu_order":0,"comment_status":"closed","ping_status":"open","template":"","meta":{"footnotes":""},"class_list":["post-37","page","type-page","status-publish","hentry"],"_links":{"self":[{"href":"https:\/\/caseib.es\/2026\/wp-json\/wp\/v2\/pages\/37","targetHints":{"allow":["GET"]}}],"collection":[{"href":"https:\/\/caseib.es\/2026\/wp-json\/wp\/v2\/pages"}],"about":[{"href":"https:\/\/caseib.es\/2026\/wp-json\/wp\/v2\/types\/page"}],"author":[{"embeddable":true,"href":"https:\/\/caseib.es\/2026\/wp-json\/wp\/v2\/users\/8"}],"replies":[{"embeddable":true,"href":"https:\/\/caseib.es\/2026\/wp-json\/wp\/v2\/comments?post=37"}],"version-history":[{"count":76,"href":"https:\/\/caseib.es\/2026\/wp-json\/wp\/v2\/pages\/37\/revisions"}],"predecessor-version":[{"id":5064,"href":"https:\/\/caseib.es\/2026\/wp-json\/wp\/v2\/pages\/37\/revisions\/5064"}],"wp:attachment":[{"href":"https:\/\/caseib.es\/2026\/wp-json\/wp\/v2\/media?parent=37"}],"curies":[{"name":"wp","href":"https:\/\/api.w.org\/{rel}","templated":true}]}}