{"id":4672,"date":"2025-04-30T10:12:40","date_gmt":"2025-04-30T09:12:40","guid":{"rendered":"https:\/\/caseib.es\/2026\/?page_id=4672"},"modified":"2026-03-25T18:12:08","modified_gmt":"2026-03-25T17:12:08","slug":"envio-de-trabajos","status":"publish","type":"page","link":"https:\/\/caseib.es\/2026\/envio-de-trabajos\/","title":{"rendered":"ENV\u00cdO DE TRABAJOS"},"content":{"rendered":"<p>Las normas de env\u00edo de trabajos son las siguientes:<\/p>\n<p>Existen dos modalidades de env\u00edo de trabajo: art\u00edculo (4 caras) o resumen extendido (1 cara). Las diferencias entre los dos tipos de contribuci\u00f3n son:<\/p>\n<ul>\n<li><strong>Art\u00edculo<\/strong>: presentaci\u00f3n oral o p\u00f3ster, se incluye en el libro de actas. La extensi\u00f3n m\u00e1xima es de 4 caras siguiendo las normas de estilo definidas en la plantilla:\n<ul style=\"margin-left: 20px;\">\n<li>Word (modo de compatibilidad): <a href=\"https:\/\/caseib.es\/2026\/wp-content\/uploads\/2026\/04\/Plantilla-CASEIB-2026.doc\" target=\"_blank\" rel=\"noopener\">Plantilla-CASEIB-2026<\/a><\/li>\n<li>Word (docx): <a href=\"https:\/\/caseib.es\/2026\/wp-content\/uploads\/2026\/04\/Plantilla-CASEIB-2026.docx\" target=\"_blank\" rel=\"noopener\">Plantilla-CASEIB-2026<\/a><\/li>\n<li>LaTeX: <a href=\"https:\/\/caseib.es\/2026\/wp-content\/uploads\/2026\/04\/Plantilla-CASEIB-2026.zip\" target=\"_blank\" rel=\"noopener\">Plantilla-CASEIB-2026<\/a><\/li>\n<\/ul>\n<\/li>\n<li><strong>Resumen extendido<\/strong>: presentaci\u00f3n preferentemente en formato p\u00f3ster, se incluir\u00e1 en el programa del congreso, pero no se incluir\u00e1 en el libro de actas. La extensi\u00f3n m\u00e1xima es de 1 cara siguiendo las normas de estilo definidas en la plantilla:\n<ul style=\"margin-left: 20px;\">\n<li>Word (modo de compatibilidad): <a href=\"https:\/\/caseib.es\/2026\/wp-content\/uploads\/2026\/04\/Plantilla-CASEIB-RESUMEN-2026_1p.doc\" target=\"_blank\" rel=\"noopener\">Plantilla-CASEIB-RESUMEN-2026_1p<\/a><\/li>\n<li>Word (docx): <a href=\"https:\/\/caseib.es\/2026\/wp-content\/uploads\/2026\/04\/Plantilla-CASEIB-RESUMEN-2026_1p.docx\" target=\"_blank\" rel=\"noopener\">Plantilla-CASEIB-RESUMEN-2026_1p<\/a><\/li>\n<li>LaTeX: <a href=\"https:\/\/caseib.es\/2026\/wp-content\/uploads\/2026\/04\/Plantilla-CASEIB-RESUMEN-2026_1p.zip\" target=\"_blank\" rel=\"noopener\">Plantilla-CASEIB-RESUMEN-2026_1p<\/a><\/li>\n<\/ul>\n<\/li>\n<\/ul>\n<p><strong>Nota:<\/strong> Existen 2 modalidades de env\u00edo adicionales orientadas a <a href=\"https:\/\/caseib.es\/2026\/estudiantes\/\">estudiantes<\/a> de grado de ingenier\u00eda biom\u00e9dica o a estudiantes de m\u00e1ster y doctorado. Ambas modalidades seguir\u00e1n el formato de Art\u00edculo.<\/p>\n<p>Las comunicaciones se pueden enviar en castellano o ingl\u00e9s.<\/p>\n<p>La longitud m\u00e1xima de la secci\u00f3n del resumen en el art\u00edculo debe ser de 250 palabras.<\/p>\n<p><strong>Como novedad este a\u00f1o,<\/strong> ya desde el primer env\u00edo el texto de la comunicaci\u00f3n <strong>debe tener la informaci\u00f3n de los autores<\/strong>. Es necesario subir el documento PDF con la versi\u00f3n inicial de la comunicaci\u00f3n o el resumen extendido; no basta con completar el resumen en el formulario de la aplicaci\u00f3n.<\/p>\n<p>Tras la revisi\u00f3n de trabajos y comunicaci\u00f3n de aceptaci\u00f3n, se pedir\u00e1 a los autores que env\u00eden una nueva versi\u00f3n con las posibles modificaciones sugeridas por el Comit\u00e9 Cient\u00edfico. Para tal fin, se especificar\u00e1 una fecha l\u00edmite para el env\u00edo de la versi\u00f3n definitiva. Se deber\u00e1 subir a la aplicaci\u00f3n un fichero con el art\u00edculo\/resumen final (PDF) y el documento de cesi\u00f3n de derechos rellenado y firmado.<\/p>\n<p>Para cualquier consulta o incidencia con la plataforma de env\u00edo de trabajos contactar con <a href=\"mailto:secretaria@caseib.es\" target=\"_blank\" rel=\"noopener\">secretaria@caseib.es<\/a><\/p>\n","protected":false},"excerpt":{"rendered":"<p>Las normas de env\u00edo de trabajos son las siguientes: Existen dos modalidades de env\u00edo de trabajo: art\u00edculo (4 caras) o resumen extendido (1 cara). Las diferencias entre los dos tipos de contribuci\u00f3n son: Art\u00edculo: presentaci\u00f3n oral o p\u00f3ster, se incluye en el libro de actas. La extensi\u00f3n m\u00e1xima es de\u2026<\/p>\n<p> <a class=\"continue-reading-link\" href=\"https:\/\/caseib.es\/2026\/envio-de-trabajos\/\"><span>VER MAS<\/span><i class=\"crycon-right-dir\"><\/i><\/a> <\/p>\n","protected":false},"author":8,"featured_media":0,"parent":0,"menu_order":0,"comment_status":"closed","ping_status":"closed","template":"","meta":{"footnotes":""},"class_list":["post-4672","page","type-page","status-publish","hentry"],"_links":{"self":[{"href":"https:\/\/caseib.es\/2026\/wp-json\/wp\/v2\/pages\/4672","targetHints":{"allow":["GET"]}}],"collection":[{"href":"https:\/\/caseib.es\/2026\/wp-json\/wp\/v2\/pages"}],"about":[{"href":"https:\/\/caseib.es\/2026\/wp-json\/wp\/v2\/types\/page"}],"author":[{"embeddable":true,"href":"https:\/\/caseib.es\/2026\/wp-json\/wp\/v2\/users\/8"}],"replies":[{"embeddable":true,"href":"https:\/\/caseib.es\/2026\/wp-json\/wp\/v2\/comments?post=4672"}],"version-history":[{"count":20,"href":"https:\/\/caseib.es\/2026\/wp-json\/wp\/v2\/pages\/4672\/revisions"}],"predecessor-version":[{"id":5100,"href":"https:\/\/caseib.es\/2026\/wp-json\/wp\/v2\/pages\/4672\/revisions\/5100"}],"wp:attachment":[{"href":"https:\/\/caseib.es\/2026\/wp-json\/wp\/v2\/media?parent=4672"}],"curies":[{"name":"wp","href":"https:\/\/api.w.org\/{rel}","templated":true}]}}