{"id":4698,"date":"2025-04-30T10:36:31","date_gmt":"2025-04-30T09:36:31","guid":{"rendered":"https:\/\/caseib.es\/2026\/?page_id=4698"},"modified":"2026-03-12T19:39:34","modified_gmt":"2026-03-12T18:39:34","slug":"comite-organizador","status":"publish","type":"page","link":"https:\/\/caseib.es\/2026\/comite-organizador\/","title":{"rendered":"COMIT\u00c9 ORGANIZADOR"},"content":{"rendered":"<p><strong>Presidenta<\/strong><\/p>\n<ul>\n<li>Beatriz Trenor Gomis<\/li>\n<\/ul>\n<p><strong>Secretario del Comit\u00e9 Organizador<\/strong><\/p>\n<ul>\n<li>Javier Garc\u00eda Casado<\/li>\n<\/ul>\n<p><strong>Secretario del Comit\u00e9 Cient\u00edfico<\/strong><\/p>\n<ul>\n<li>Gema Prats Boluda<\/li>\n<\/ul>\n<p><strong>Vocales<\/strong> (por orden alfab\u00e9tico)<\/p>\n<ul>\n<li>Ilan Francisco Carretero Juchnowicz<\/li>\n<li>Fernando Escobar Ropero<\/li>\n<li>Rom\u00e1n Fern\u00e1ndez D\u00edaz<\/li>\n<li>Jos\u00e9 Mar\u00eda Ferrero de Loma Osorio<\/li>\n<li>Guadalupe Garc\u00eda Isla<\/li>\n<li>Julio Gomis-Tena Dolz<\/li>\n<li>Yolanda Jim\u00e9nez Jim\u00e9nez<\/li>\n<li>Augusto Juste Dolz<\/li>\n<li>Juan Jos\u00e9 Mancl\u00fas Ciscar<\/li>\n<li>Jos\u00e9 Luis Mart\u00ednez de Juan<\/li>\n<li>Antonio Mart\u00ednez Millana<\/li>\n<li>Pablo Meseguer Ebri<\/li>\n<li>Jos\u00e9 Millet Roig<\/li>\n<li>Valeriana Naranjo Olmedo<\/li>\n<li>Amparo Pascual-Ahuir Giner<\/li>\n<li>Maribel Rocha Gaso<\/li>\n<li>Luc\u00eda Romero P\u00e9rez<\/li>\n<li>Javier Saiz Rodr\u00edguez<\/li>\n<li>Jorge S\u00e1nchez Arciniegas<\/li>\n<li>Vicente Traver Salcedo<\/li>\n<li>Yiyao Ye Lin<\/li>\n<\/ul>\n","protected":false},"excerpt":{"rendered":"<p>Presidenta Beatriz Trenor Gomis Secretario del Comit\u00e9 Organizador Javier Garc\u00eda Casado Secretario del Comit\u00e9 Cient\u00edfico Gema Prats Boluda Vocales (por orden alfab\u00e9tico) Ilan Francisco Carretero Juchnowicz Fernando Escobar Ropero Rom\u00e1n Fern\u00e1ndez D\u00edaz Jos\u00e9 Mar\u00eda Ferrero de Loma Osorio Guadalupe Garc\u00eda Isla Julio Gomis-Tena Dolz Yolanda Jim\u00e9nez Jim\u00e9nez Augusto Juste Dolz\u2026<\/p>\n<p> <a class=\"continue-reading-link\" href=\"https:\/\/caseib.es\/2026\/comite-organizador\/\"><span>VER MAS<\/span><i class=\"crycon-right-dir\"><\/i><\/a> <\/p>\n","protected":false},"author":8,"featured_media":0,"parent":0,"menu_order":0,"comment_status":"closed","ping_status":"closed","template":"","meta":{"footnotes":""},"class_list":["post-4698","page","type-page","status-publish","hentry"],"_links":{"self":[{"href":"https:\/\/caseib.es\/2026\/wp-json\/wp\/v2\/pages\/4698","targetHints":{"allow":["GET"]}}],"collection":[{"href":"https:\/\/caseib.es\/2026\/wp-json\/wp\/v2\/pages"}],"about":[{"href":"https:\/\/caseib.es\/2026\/wp-json\/wp\/v2\/types\/page"}],"author":[{"embeddable":true,"href":"https:\/\/caseib.es\/2026\/wp-json\/wp\/v2\/users\/8"}],"replies":[{"embeddable":true,"href":"https:\/\/caseib.es\/2026\/wp-json\/wp\/v2\/comments?post=4698"}],"version-history":[{"count":6,"href":"https:\/\/caseib.es\/2026\/wp-json\/wp\/v2\/pages\/4698\/revisions"}],"predecessor-version":[{"id":5088,"href":"https:\/\/caseib.es\/2026\/wp-json\/wp\/v2\/pages\/4698\/revisions\/5088"}],"wp:attachment":[{"href":"https:\/\/caseib.es\/2026\/wp-json\/wp\/v2\/media?parent=4698"}],"curies":[{"name":"wp","href":"https:\/\/api.w.org\/{rel}","templated":true}]}}