{"id":4704,"date":"2025-04-30T14:28:02","date_gmt":"2025-04-30T13:28:02","guid":{"rendered":"https:\/\/caseib.es\/2026\/?page_id=4704"},"modified":"2026-03-11T15:52:33","modified_gmt":"2026-03-11T14:52:33","slug":"estudiantes","status":"publish","type":"page","link":"https:\/\/caseib.es\/2026\/estudiantes\/","title":{"rendered":"ESTUDIANTES"},"content":{"rendered":"<p data-start=\"399\" data-end=\"605\">El congreso acoge y promueve activamente la participaci\u00f3n de estudiantes de todos los niveles relacionados con la Ingenier\u00eda Biom\u00e9dica, ofreciendo diferentes v\u00edas de contribuci\u00f3n y reconocimiento acad\u00e9mico.<\/p>\n","protected":false},"excerpt":{"rendered":"<p>El congreso acoge y promueve activamente la participaci\u00f3n de estudiantes de todos los niveles relacionados con la Ingenier\u00eda Biom\u00e9dica, ofreciendo diferentes v\u00edas de contribuci\u00f3n y reconocimiento acad\u00e9mico.<\/p>\n<p> <a class=\"continue-reading-link\" href=\"https:\/\/caseib.es\/2026\/estudiantes\/\"><span>VER MAS<\/span><i class=\"crycon-right-dir\"><\/i><\/a> <\/p>\n","protected":false},"author":8,"featured_media":0,"parent":0,"menu_order":0,"comment_status":"closed","ping_status":"closed","template":"","meta":{"footnotes":""},"class_list":["post-4704","page","type-page","status-publish","hentry"],"_links":{"self":[{"href":"https:\/\/caseib.es\/2026\/wp-json\/wp\/v2\/pages\/4704","targetHints":{"allow":["GET"]}}],"collection":[{"href":"https:\/\/caseib.es\/2026\/wp-json\/wp\/v2\/pages"}],"about":[{"href":"https:\/\/caseib.es\/2026\/wp-json\/wp\/v2\/types\/page"}],"author":[{"embeddable":true,"href":"https:\/\/caseib.es\/2026\/wp-json\/wp\/v2\/users\/8"}],"replies":[{"embeddable":true,"href":"https:\/\/caseib.es\/2026\/wp-json\/wp\/v2\/comments?post=4704"}],"version-history":[{"count":7,"href":"https:\/\/caseib.es\/2026\/wp-json\/wp\/v2\/pages\/4704\/revisions"}],"predecessor-version":[{"id":5050,"href":"https:\/\/caseib.es\/2026\/wp-json\/wp\/v2\/pages\/4704\/revisions\/5050"}],"wp:attachment":[{"href":"https:\/\/caseib.es\/2026\/wp-json\/wp\/v2\/media?parent=4704"}],"curies":[{"name":"wp","href":"https:\/\/api.w.org\/{rel}","templated":true}]}}