{"id":4774,"date":"2025-07-09T13:30:11","date_gmt":"2025-07-09T12:30:11","guid":{"rendered":"https:\/\/caseib.es\/2026\/?page_id=4774"},"modified":"2026-03-11T21:17:50","modified_gmt":"2026-03-11T20:17:50","slug":"como-llegar","status":"publish","type":"page","link":"https:\/\/caseib.es\/2026\/como-llegar\/","title":{"rendered":"C\u00d3MO LLEGAR"},"content":{"rendered":"<h2 data-start=\"68\" data-end=\"106\">C\u00f3mo llegar al Congreso CASEIB 2026<\/h2>\n<p data-start=\"108\" data-end=\"353\">La sede del congreso es el edificio <strong>NEXUS<\/strong>, ubicada en la <a href=\"https:\/\/www.upv.es\/plano\/index-es.html\">Universitat Polit\u00e8cnica de Val\u00e8ncia<\/a>. A continuaci\u00f3n, se detallan las principales opciones para llegar al campus desde diferentes puntos de la ciudad:<\/p>\n<h3 data-start=\"355\" data-end=\"369\">En transporte p\u00fablico<\/h3>\n<p data-start=\"371\" data-end=\"714\">\u00a0Se puede acceder a la universidad mediante <a href=\"https:\/\/emtvalencia.info\/es\/upv\/\">autobuses<\/a> urbanos e interurbanos. Adem\u00e1s, tambi\u00e9n se puede utilizar el tranv\u00eda, con la parada m\u00e1s cercana siendo la de \u00abUPV \u2013 Campus\u00bb en la l\u00ednea 4.<\/p>\n<h3 data-start=\"894\" data-end=\"906\">En coche<\/h3>\n<p data-start=\"908\" data-end=\"1182\">Si se prefiere llegar en coche, se puede acceder a la universidad a trav\u00e9s de la autopista A-7 o la V-30, dependiendo del punto de origen. Se recomienda utilizar un navegador GPS para facilitar la ruta. El campus cuenta con un amplio aparcamiento en la Avenida de los Naranjos.<\/p>\n<h3 data-start=\"1184\" data-end=\"1233\">Desde la Estaci\u00f3n del Norte (tren)<\/h3>\n<p data-start=\"1235\" data-end=\"1436\">Desde la Estaci\u00f3n del Norte, puedes tomar la l\u00ednea 40 de autob\u00fas.<\/p>\n<p data-start=\"1438\" data-end=\"1683\">Como alternativa m\u00e1s r\u00e1pida y c\u00f3moda, se puede optar por un taxi, con una duraci\u00f3n aproximada de 15 minutos, seg\u00fan el tr\u00e1fico.<\/p>\n<h3 data-start=\"1685\" data-end=\"1709\">Direcci\u00f3n de la sede<\/h3>\n<p data-start=\"1711\" data-end=\"1800\"><strong data-start=\"1711\" data-end=\"1758\">Edificio Nexus<\/strong><br data-start=\"1758\" data-end=\"1761\" \/>Calle Belisario Betancur<br data-start=\"1783\" data-end=\"1786\" \/>46022 Valencia<\/p>\n<p data-start=\"1711\" data-end=\"1800\">(GPS: 39.47927,-0.33881)<\/p>\n","protected":false},"excerpt":{"rendered":"<p>C\u00f3mo llegar al Congreso CASEIB 2026 La sede del congreso es el edificio NEXUS, ubicada en la Universitat Polit\u00e8cnica de Val\u00e8ncia. A continuaci\u00f3n, se detallan las principales opciones para llegar al campus desde diferentes puntos de la ciudad: En transporte p\u00fablico \u00a0Se puede acceder a la universidad mediante autobuses urbanos\u2026<\/p>\n<p> <a class=\"continue-reading-link\" href=\"https:\/\/caseib.es\/2026\/como-llegar\/\"><span>VER MAS<\/span><i class=\"crycon-right-dir\"><\/i><\/a> <\/p>\n","protected":false},"author":8,"featured_media":0,"parent":0,"menu_order":0,"comment_status":"closed","ping_status":"closed","template":"","meta":{"footnotes":""},"class_list":["post-4774","page","type-page","status-publish","hentry"],"_links":{"self":[{"href":"https:\/\/caseib.es\/2026\/wp-json\/wp\/v2\/pages\/4774","targetHints":{"allow":["GET"]}}],"collection":[{"href":"https:\/\/caseib.es\/2026\/wp-json\/wp\/v2\/pages"}],"about":[{"href":"https:\/\/caseib.es\/2026\/wp-json\/wp\/v2\/types\/page"}],"author":[{"embeddable":true,"href":"https:\/\/caseib.es\/2026\/wp-json\/wp\/v2\/users\/8"}],"replies":[{"embeddable":true,"href":"https:\/\/caseib.es\/2026\/wp-json\/wp\/v2\/comments?post=4774"}],"version-history":[{"count":14,"href":"https:\/\/caseib.es\/2026\/wp-json\/wp\/v2\/pages\/4774\/revisions"}],"predecessor-version":[{"id":5076,"href":"https:\/\/caseib.es\/2026\/wp-json\/wp\/v2\/pages\/4774\/revisions\/5076"}],"wp:attachment":[{"href":"https:\/\/caseib.es\/2026\/wp-json\/wp\/v2\/media?parent=4774"}],"curies":[{"name":"wp","href":"https:\/\/api.w.org\/{rel}","templated":true}]}}